{"id":2700,"date":"2023-12-12T22:57:45","date_gmt":"2023-12-12T21:57:45","guid":{"rendered":"https:\/\/bbf.ba\/?page_id=2700"},"modified":"2024-11-30T19:20:28","modified_gmt":"2024-11-30T18:20:28","slug":"podrucje-za-medije","status":"publish","type":"page","link":"https:\/\/bbf.ba\/en\/podrucje-za-medije\/","title":{"rendered":"Press area"},"content":{"rendered":"<p class=\"wp-embed-aspect-16-9 wp-has-aspect-ratio\">All the information at a glance! Here, media professionals, bloggers, influencers and photographers can find all assets related to the Blidinje BIKE Festival available for download.<\/p>\n\n\n\n<figure class=\"wp-block-image aligncenter size-large\"><img fetchpriority=\"high\" decoding=\"async\" width=\"1024\" height=\"843\" src=\"https:\/\/bbf.ba\/wp-content\/uploads\/2023\/12\/SLIKA-STAND-1024x843.jpg\" alt=\"\" class=\"wp-image-3233\" srcset=\"https:\/\/bbf.ba\/wp-content\/uploads\/2023\/12\/SLIKA-STAND-1024x843.jpg 1024w, https:\/\/bbf.ba\/wp-content\/uploads\/2023\/12\/SLIKA-STAND-300x247.jpg 300w, https:\/\/bbf.ba\/wp-content\/uploads\/2023\/12\/SLIKA-STAND-768x632.jpg 768w, https:\/\/bbf.ba\/wp-content\/uploads\/2023\/12\/SLIKA-STAND-1536x1264.jpg 1536w, https:\/\/bbf.ba\/wp-content\/uploads\/2023\/12\/SLIKA-STAND-15x12.jpg 15w, https:\/\/bbf.ba\/wp-content\/uploads\/2023\/12\/SLIKA-STAND-770x634.jpg 770w, https:\/\/bbf.ba\/wp-content\/uploads\/2023\/12\/SLIKA-STAND.jpg 1600w\" sizes=\"(max-width: 1024px) 100vw, 1024px\" \/><\/figure>\n\n\n\n<div class=\"wp-block-group alignfull has-background-color has-background is-layout-constrained wp-container-core-group-is-layout-91a691eb wp-block-group-is-layout-constrained\" style=\"background-color:#262e57;margin-top:0;margin-bottom:0;padding-top:var(--wp--preset--spacing--40);padding-right:var(--wp--preset--spacing--30);padding-bottom:var(--wp--preset--spacing--40);padding-left:var(--wp--preset--spacing--30)\">\n<div class=\"wp-block-group alignwide is-content-justification-space-between is-layout-flex wp-container-core-group-is-layout-256aec57 wp-block-group-is-layout-flex\">\n<div class=\"wp-block-group is-layout-flex wp-block-group-is-layout-flex\">\n<p class=\"has-text-color has-link-color wp-elements-d59e7caf687143f32935339cdc4a4d25\" style=\"color:#a5e958\">PR &amp; MEDIA<br>Blidinje BIKE Festival&nbsp;<br><a href=\"mailto:press@bbf.ba\" target=\"_blank\" rel=\"noreferrer noopener\"><mark style=\"background-color:rgba(0, 0, 0, 0)\" class=\"has-inline-color has-white-color\">press@bbf.ba<\/mark><\/a><br>+387 63 766 160<\/p>\n<\/div>\n\n\n\n<p class=\"has-background has-small-font-size\" style=\"background-color:#a5e958\"> Proudly powered by <strong><a href=\"http:\/\/www.herzegovinabike.ba\">Herzegovina Bike<\/a><\/strong><\/p>\n<\/div>\n<\/div>\n\n\n\n<hr class=\"wp-block-separator has-alpha-channel-opacity\"\/>\n\n\n\n<div class=\"wp-block-columns alignwide is-layout-flex wp-container-core-columns-is-layout-829b1d53 wp-block-columns-is-layout-flex\" style=\"margin-bottom:0\">\n<div class=\"wp-block-column has-text-color has-background has-link-color wp-elements-fb57e4b7a6992cf815a6d8d9c37950bb is-layout-flow wp-block-column-is-layout-flow\" style=\"color:#000000;background-color:#262e57;padding-top:2em;padding-right:2em;padding-bottom:2em;padding-left:2em\">\n<h4 class=\"wp-block-heading has-text-align-center\" id=\"h-akreditacije\"><strong><mark style=\"background-color:rgba(0, 0, 0, 0);color:#a5e958\" class=\"has-inline-color\">ACCREDITATION<\/mark><\/strong><\/h4>\n\n\n\n<p class=\"has-normal-font-size\" style=\"line-height:1.5\"><mark style=\"background-color:rgba(0, 0, 0, 0);color:#a5e958\" class=\"has-inline-color\">Apply for your Media Press accreditation<\/mark><\/p>\n\n\n\n<hr class=\"wp-block-separator has-text-color has-white-color has-alpha-channel-opacity has-white-background-color has-background is-style-wide\"\/>\n\n\n\n<div class=\"wp-block-buttons alignfull is-horizontal is-content-justification-center is-layout-flex wp-container-core-buttons-is-layout-499968f5 wp-block-buttons-is-layout-flex\">\n<div class=\"wp-block-button has-custom-width wp-block-button__width-100\"><a class=\"wp-block-button__link has-white-color has-text-color has-background no-border-radius wp-element-button\" href=\"https:\/\/forms.gle\/BXwjrGgVo1HUsc6o7\" style=\"background-color:#a5e958\" target=\"_blank\" rel=\"noreferrer noopener\"><strong>Discover more<\/strong><\/a><\/div>\n<\/div>\n<\/div>\n\n\n\n<div class=\"wp-block-column has-text-color has-background has-link-color wp-elements-56e57a8b9ec572e2e20c8235a620b670 is-layout-flow wp-block-column-is-layout-flow\" style=\"color:#000000;background-color:#a5e958;padding-top:2em;padding-right:2em;padding-bottom:2em;padding-left:2em\">\n<h4 class=\"wp-block-heading has-text-align-center\" id=\"h-priopcenje-za-javnost\"><strong><mark style=\"background-color:rgba(0, 0, 0, 0);color:#262e57\" class=\"has-inline-color\">PRESS RELEASE<\/mark><\/strong><\/h4>\n\n\n\n<p class=\"has-normal-font-size\" style=\"line-height:1.5\"><mark style=\"background-color:rgba(0, 0, 0, 0);color:#262e57\" class=\"has-inline-color\">Be the first at the source of information<\/mark><\/p>\n\n\n\n<hr class=\"wp-block-separator has-text-color has-alpha-channel-opacity has-background is-style-wide\" style=\"background-color:#262e57;color:#262e57\"\/>\n\n\n\n<div class=\"wp-block-buttons alignfull is-horizontal is-content-justification-center is-layout-flex wp-container-core-buttons-is-layout-499968f5 wp-block-buttons-is-layout-flex\">\n<div class=\"wp-block-button has-custom-width wp-block-button__width-100 is-style-fill\"><a class=\"wp-block-button__link has-white-color has-text-color has-background no-border-radius wp-element-button\" href=\"https:\/\/bbf.ba\/en\/priopcenja-za-javnost\/\" style=\"background-color:#262e57\"><strong><strong>Discover more<\/strong><\/strong><\/a><\/div>\n<\/div>\n<\/div>\n\n\n\n<div class=\"wp-block-column has-text-color has-background has-link-color wp-elements-c3e721d49c51338d3f1dcd5a0a8a18f6 is-layout-flow wp-block-column-is-layout-flow\" style=\"color:#000000;background-color:#262e57;padding-top:2em;padding-right:2em;padding-bottom:2em;padding-left:2em\">\n<h4 class=\"wp-block-heading has-text-align-center\" id=\"h-sredstva-za-medije\"><strong><mark style=\"background-color:rgba(0, 0, 0, 0);color:#a5e958\" class=\"has-inline-color\">Media Assets<\/mark><\/strong><\/h4>\n\n\n\n<p class=\"has-normal-font-size\"><mark style=\"background-color:rgba(0, 0, 0, 0);color:#a5e958\" class=\"has-inline-color\">Download photos with no copyright restrictions<\/mark><\/p>\n\n\n\n<hr class=\"wp-block-separator has-text-color has-white-color has-alpha-channel-opacity has-white-background-color has-background is-style-wide\"\/>\n\n\n\n<div class=\"wp-block-buttons alignfull is-horizontal is-content-justification-center is-layout-flex wp-container-core-buttons-is-layout-499968f5 wp-block-buttons-is-layout-flex\">\n<div class=\"wp-block-button has-custom-width wp-block-button__width-100\"><a class=\"wp-block-button__link has-white-color has-text-color has-background no-border-radius wp-element-button\" href=\"https:\/\/bbf.ba\/en\/sredstva-za-medije\/\" style=\"background-color:#a5e958\"><strong><strong>Discover mor<\/strong>e<\/strong><\/a><\/div>\n<\/div>\n<\/div>\n<\/div>\n\n\n\n<hr class=\"wp-block-separator has-alpha-channel-opacity\"\/>\n\n\n\n<h2 class=\"wp-block-heading has-text-align-center\" id=\"h-blidinje-bike-festival-video-materijali\"><strong>BLIDINJE BIKE FESTIVAL \u2013 VIDEO MATERIALS<\/strong><\/h2>\n\n\n\n<div class=\"wp-block-columns is-layout-flex wp-container-core-columns-is-layout-9d6595d7 wp-block-columns-is-layout-flex\">\n<div class=\"wp-block-column is-layout-flow wp-block-column-is-layout-flow\">\n<figure class=\"wp-block-embed is-type-video is-provider-youtube wp-block-embed-youtube wp-embed-aspect-16-9 wp-has-aspect-ratio\"><div class=\"wp-block-embed__wrapper\">\n<iframe title=\"Continental Blidinje Bike Festival - XCM Herzegovina 2024\" width=\"847\" height=\"476\" src=\"https:\/\/www.youtube.com\/embed\/dolExDq_f-Y?feature=oembed\" frameborder=\"0\" allow=\"accelerometer; autoplay; clipboard-write; encrypted-media; gyroscope; picture-in-picture; web-share\" referrerpolicy=\"strict-origin-when-cross-origin\" allowfullscreen><\/iframe>\n<\/div><figcaption class=\"wp-element-caption\">Continental <em>Blidinje BIKE Festival 202<\/em>4<\/figcaption><\/figure>\n<\/div>\n\n\n\n<div class=\"wp-block-column is-layout-flow wp-block-column-is-layout-flow\">\n<figure class=\"wp-block-embed is-type-video is-provider-youtube wp-block-embed-youtube wp-embed-aspect-16-9 wp-has-aspect-ratio\"><div class=\"wp-block-embed__wrapper\">\n<iframe title=\"XCM Herzegovina 2023\" width=\"847\" height=\"476\" src=\"https:\/\/www.youtube.com\/embed\/qCff0hSgxHk?feature=oembed\" frameborder=\"0\" allow=\"accelerometer; autoplay; clipboard-write; encrypted-media; gyroscope; picture-in-picture; web-share\" referrerpolicy=\"strict-origin-when-cross-origin\" allowfullscreen><\/iframe>\n<\/div><figcaption class=\"wp-element-caption\"><em><em>Blidinje BIKE Festival <\/em>202<\/em>3<\/figcaption><\/figure>\n<\/div>\n<\/div>\n\n\n\n<div class=\"wp-block-columns is-layout-flex wp-container-core-columns-is-layout-9d6595d7 wp-block-columns-is-layout-flex\">\n<div class=\"wp-block-column is-layout-flow wp-block-column-is-layout-flow\">\n<figure class=\"wp-block-embed is-type-video is-provider-youtube wp-block-embed-youtube wp-embed-aspect-16-9 wp-has-aspect-ratio\"><div class=\"wp-block-embed__wrapper\">\n<iframe title=\"Blidinje BIKE festival 2020\" width=\"847\" height=\"476\" src=\"https:\/\/www.youtube.com\/embed\/00R5yubSbdU?feature=oembed\" frameborder=\"0\" allow=\"accelerometer; autoplay; clipboard-write; encrypted-media; gyroscope; picture-in-picture; web-share\" referrerpolicy=\"strict-origin-when-cross-origin\" allowfullscreen><\/iframe>\n<\/div><figcaption class=\"wp-element-caption\"><em><em>Blidinje BIKE Festival<\/em><\/em> <em>20<\/em>20<\/figcaption><\/figure>\n<\/div>\n\n\n\n<div class=\"wp-block-column is-layout-flow wp-block-column-is-layout-flow\">\n<figure class=\"wp-block-embed is-type-video is-provider-youtube wp-block-embed-youtube wp-embed-aspect-16-9 wp-has-aspect-ratio\"><div class=\"wp-block-embed__wrapper\">\n<iframe title=\"Blidinje Bike Festival - XCM Herzegovina 2019\" width=\"847\" height=\"476\" src=\"https:\/\/www.youtube.com\/embed\/RZZ_8hwVZ-c?feature=oembed\" frameborder=\"0\" allow=\"accelerometer; autoplay; clipboard-write; encrypted-media; gyroscope; picture-in-picture; web-share\" referrerpolicy=\"strict-origin-when-cross-origin\" allowfullscreen><\/iframe>\n<\/div><figcaption class=\"wp-element-caption\"><em><em><em>Blidinje BIKE Festival<\/em><\/em> <em>20<\/em><\/em>19<\/figcaption><\/figure>\n<\/div>\n<\/div>\n\n\n\n<div class=\"wp-block-columns is-layout-flex wp-container-core-columns-is-layout-9d6595d7 wp-block-columns-is-layout-flex\">\n<div class=\"wp-block-column is-layout-flow wp-block-column-is-layout-flow\">\n<figure class=\"wp-block-embed is-type-video is-provider-youtube wp-block-embed-youtube wp-embed-aspect-16-9 wp-has-aspect-ratio\"><div class=\"wp-block-embed__wrapper\">\n<iframe title=\"XCM Herzegovina 2019 (BLIDINJE MTB)\" width=\"847\" height=\"476\" src=\"https:\/\/www.youtube.com\/embed\/JTaRP49kql8?feature=oembed\" frameborder=\"0\" allow=\"accelerometer; autoplay; clipboard-write; encrypted-media; gyroscope; picture-in-picture; web-share\" referrerpolicy=\"strict-origin-when-cross-origin\" allowfullscreen><\/iframe>\n<\/div><figcaption class=\"wp-element-caption\"><em>Blidinje BIKE Festival 2019<\/em><\/figcaption><\/figure>\n<\/div>\n\n\n\n<div class=\"wp-block-column is-layout-flow wp-block-column-is-layout-flow\">\n<figure class=\"wp-block-embed is-type-video is-provider-youtube wp-block-embed-youtube wp-embed-aspect-16-9 wp-has-aspect-ratio\"><div class=\"wp-block-embed__wrapper\">\n<iframe title=\"MTB Herzegovina (XCM)\" width=\"847\" height=\"476\" src=\"https:\/\/www.youtube.com\/embed\/oVaZtmSB0CU?feature=oembed\" frameborder=\"0\" allow=\"accelerometer; autoplay; clipboard-write; encrypted-media; gyroscope; picture-in-picture; web-share\" referrerpolicy=\"strict-origin-when-cross-origin\" allowfullscreen><\/iframe>\n<\/div><figcaption class=\"wp-element-caption\"><em><em>XCM Herzegovina 201<\/em><\/em>8<\/figcaption><\/figure>\n<\/div>\n<\/div>\n\n\n\n<div class=\"wp-block-columns is-layout-flex wp-container-core-columns-is-layout-9d6595d7 wp-block-columns-is-layout-flex\">\n<div class=\"wp-block-column is-layout-flow wp-block-column-is-layout-flow\">\n<figure class=\"wp-block-embed is-type-video is-provider-youtube wp-block-embed-youtube wp-embed-aspect-16-9 wp-has-aspect-ratio\"><div class=\"wp-block-embed__wrapper\">\n<iframe title=\"XCM Herzegovina 2017.\" width=\"847\" height=\"476\" src=\"https:\/\/www.youtube.com\/embed\/PKfO-znMXRs?feature=oembed\" frameborder=\"0\" allow=\"accelerometer; autoplay; clipboard-write; encrypted-media; gyroscope; picture-in-picture; web-share\" referrerpolicy=\"strict-origin-when-cross-origin\" allowfullscreen><\/iframe>\n<\/div><figcaption class=\"wp-element-caption\"><em>XCM Herzegovina 2017<\/em><\/figcaption><\/figure>\n<\/div>\n\n\n\n<div class=\"wp-block-column is-layout-flow wp-block-column-is-layout-flow\">\n<figure class=\"wp-block-embed is-type-video is-provider-youtube wp-block-embed-youtube wp-embed-aspect-16-9 wp-has-aspect-ratio\"><div class=\"wp-block-embed__wrapper\">\n<iframe title=\"XCM Herzegovina 2016\" width=\"847\" height=\"476\" src=\"https:\/\/www.youtube.com\/embed\/0WU2v7eFkjo?feature=oembed\" frameborder=\"0\" allow=\"accelerometer; autoplay; clipboard-write; encrypted-media; gyroscope; picture-in-picture; web-share\" referrerpolicy=\"strict-origin-when-cross-origin\" allowfullscreen><\/iframe>\n<\/div><figcaption class=\"wp-element-caption\"><em>XCM Herzegovina 201<\/em>6<\/figcaption><\/figure>\n<\/div>\n<\/div>\n\n\n\n<h2 class=\"wp-block-heading has-text-align-center\" id=\"h-ostali-video-materijali\">OTHER VIDEO MATERIALS<\/h2>\n\n\n\n<div class=\"wp-block-columns is-layout-flex wp-container-core-columns-is-layout-9d6595d7 wp-block-columns-is-layout-flex\">\n<div class=\"wp-block-column is-layout-flow wp-block-column-is-layout-flow\">\n<figure class=\"wp-block-embed is-type-video is-provider-youtube wp-block-embed-youtube wp-embed-aspect-4-3 wp-has-aspect-ratio\"><div class=\"wp-block-embed__wrapper\">\n<iframe title=\"Stazom Ajduka Blidinje XCM Hercegovina 2022\" width=\"847\" height=\"635\" src=\"https:\/\/www.youtube.com\/embed\/1Ovqxi9TymI?feature=oembed\" frameborder=\"0\" allow=\"accelerometer; autoplay; clipboard-write; encrypted-media; gyroscope; picture-in-picture; web-share\" referrerpolicy=\"strict-origin-when-cross-origin\" allowfullscreen><\/iframe>\n<\/div><figcaption class=\"wp-element-caption\">XCM Herzegovina &#8211; Stazom Ajduka 2022 by Marin Mikuli\u0107<\/figcaption><\/figure>\n<\/div>\n\n\n\n<div class=\"wp-block-column is-layout-flow wp-block-column-is-layout-flow\">\n<figure class=\"wp-block-embed is-type-video is-provider-youtube wp-block-embed-youtube wp-embed-aspect-16-9 wp-has-aspect-ratio\"><div class=\"wp-block-embed__wrapper\">\n<iframe title=\"MTB Maraton &quot;XCM Hercegovina 2021&quot;\" width=\"847\" height=\"476\" src=\"https:\/\/www.youtube.com\/embed\/X1trfo7Ea_E?feature=oembed\" frameborder=\"0\" allow=\"accelerometer; autoplay; clipboard-write; encrypted-media; gyroscope; picture-in-picture; web-share\" referrerpolicy=\"strict-origin-when-cross-origin\" allowfullscreen><\/iframe>\n<\/div><figcaption class=\"wp-element-caption\">XCM Herzegovina 2021 by Nemanja Babic<\/figcaption><\/figure>\n<\/div>\n<\/div>\n\n\n\n<div class=\"wp-block-columns is-layout-flex wp-container-core-columns-is-layout-9d6595d7 wp-block-columns-is-layout-flex\">\n<div class=\"wp-block-column is-layout-flow wp-block-column-is-layout-flow\">\n<figure class=\"wp-block-embed is-type-video is-provider-youtube wp-block-embed-youtube wp-embed-aspect-16-9 wp-has-aspect-ratio\"><div class=\"wp-block-embed__wrapper\">\n<iframe title=\"Blidinje - XCM Herzegovina 2019 (Vlog)\" width=\"847\" height=\"476\" src=\"https:\/\/www.youtube.com\/embed\/0FUDJsvqMpM?feature=oembed\" frameborder=\"0\" allow=\"accelerometer; autoplay; clipboard-write; encrypted-media; gyroscope; picture-in-picture; web-share\" referrerpolicy=\"strict-origin-when-cross-origin\" allowfullscreen><\/iframe>\n<\/div><figcaption class=\"wp-element-caption\">XCM Herzegovina 2019 (Vlog) by Nikola Glibo<\/figcaption><\/figure>\n<\/div>\n\n\n\n<div class=\"wp-block-column is-layout-flow wp-block-column-is-layout-flow\">\n<figure class=\"wp-block-embed is-type-video is-provider-youtube wp-block-embed-youtube wp-embed-aspect-16-9 wp-has-aspect-ratio\"><div class=\"wp-block-embed__wrapper\">\n<iframe title=\"Toni Zori\u0107 - O Blidinje BIKE Festivalu\" width=\"847\" height=\"476\" src=\"https:\/\/www.youtube.com\/embed\/Pp4bni08L-Y?feature=oembed\" frameborder=\"0\" allow=\"accelerometer; autoplay; clipboard-write; encrypted-media; gyroscope; picture-in-picture; web-share\" referrerpolicy=\"strict-origin-when-cross-origin\" allowfullscreen><\/iframe>\n<\/div><figcaption class=\"wp-element-caption\">Radio: Toni Zoric o Blidinje BIKE Festival<\/figcaption><\/figure>\n<\/div>\n<\/div>","protected":false},"excerpt":{"rendered":"<p>Sve informacije na jednom mjestu! Ovdje, medijski profesionalci, blogeri, utjecajni pojedinci i fotografi mogu prona\u0107i sve resurse vezane uz Blidinje BIKE Festival dostupne za preuzimanje. PR &amp; MEDIABlidinje BIKE Festival&nbsp;press@bbf.ba+387 63 766 160 Ponosno omogu\u0107uje Herzegovina Bike Akreditacije Prijavite se za svoju Media Press akreditaciju Priop\u0107enje za javnost Budite prvi na izvoru informacija Sredstva za medije Preuzmite fotografije bez ograni\u010denja autorskim pravima BLIDINJE BIKE FESTIVAL &#8211; VIDEO MATERIJALI OSTALI VIDEO[&hellip;]<\/p>\n","protected":false},"author":2,"featured_media":0,"parent":0,"menu_order":0,"comment_status":"closed","ping_status":"closed","template":"","meta":{"_acf_changed":false,"footnotes":""},"class_list":["post-2700","page","type-page","status-publish","hentry"],"acf":[],"yoast_head":"<!-- This site is optimized with the Yoast SEO Premium plugin v21.7 (Yoast SEO v27.3) - https:\/\/yoast.com\/product\/yoast-seo-premium-wordpress\/ -->\n<title>Podru\u010dje za medije - Blidinje BIKE Festival<\/title>\n<meta name=\"robots\" content=\"index, follow, max-snippet:-1, max-image-preview:large, max-video-preview:-1\" \/>\n<link rel=\"canonical\" href=\"https:\/\/bbf.ba\/en\/podrucje-za-medije\/\" \/>\n<meta property=\"og:locale\" content=\"en_US\" \/>\n<meta property=\"og:type\" content=\"article\" \/>\n<meta property=\"og:title\" content=\"Podru\u010dje za medije\" \/>\n<meta property=\"og:description\" content=\"Sve informacije na jednom mjestu! Ovdje, medijski profesionalci, blogeri, utjecajni pojedinci i fotografi mogu prona\u0107i sve resurse vezane uz Blidinje BIKE Festival dostupne za preuzimanje. PR &amp; MEDIABlidinje BIKE Festival&nbsp;press@bbf.ba+387 63 766 160 Ponosno omogu\u0107uje Herzegovina Bike Akreditacije Prijavite se za svoju Media Press akreditaciju Priop\u0107enje za javnost Budite prvi na izvoru informacija Sredstva za medije Preuzmite fotografije bez ograni\u010denja autorskim pravima BLIDINJE BIKE FESTIVAL &#8211; VIDEO MATERIJALI OSTALI VIDEO[&hellip;]\" \/>\n<meta property=\"og:url\" content=\"https:\/\/bbf.ba\/en\/podrucje-za-medije\/\" \/>\n<meta property=\"og:site_name\" content=\"Blidinje BIKE Festival\" \/>\n<meta property=\"article:modified_time\" content=\"2024-11-30T18:20:28+00:00\" \/>\n<meta property=\"og:image\" content=\"https:\/\/bbf.ba\/wp-content\/uploads\/2023\/12\/SLIKA-STAND-1024x843.jpg\" \/>\n<meta name=\"twitter:card\" content=\"summary_large_image\" \/>\n<meta name=\"twitter:label1\" content=\"Est. reading time\" \/>\n\t<meta name=\"twitter:data1\" content=\"2 minutes\" \/>\n<script type=\"application\/ld+json\" class=\"yoast-schema-graph\">{\"@context\":\"https:\\\/\\\/schema.org\",\"@graph\":[{\"@type\":\"WebPage\",\"@id\":\"https:\\\/\\\/bbf.ba\\\/podrucje-za-medije\\\/\",\"url\":\"https:\\\/\\\/bbf.ba\\\/podrucje-za-medije\\\/\",\"name\":\"Podru\u010dje za medije - Blidinje BIKE Festival\",\"isPartOf\":{\"@id\":\"https:\\\/\\\/bbf.ba\\\/#website\"},\"primaryImageOfPage\":{\"@id\":\"https:\\\/\\\/bbf.ba\\\/podrucje-za-medije\\\/#primaryimage\"},\"image\":{\"@id\":\"https:\\\/\\\/bbf.ba\\\/podrucje-za-medije\\\/#primaryimage\"},\"thumbnailUrl\":\"https:\\\/\\\/bbf.ba\\\/wp-content\\\/uploads\\\/2023\\\/12\\\/SLIKA-STAND-1024x843.jpg\",\"datePublished\":\"2023-12-12T21:57:45+00:00\",\"dateModified\":\"2024-11-30T18:20:28+00:00\",\"breadcrumb\":{\"@id\":\"https:\\\/\\\/bbf.ba\\\/podrucje-za-medije\\\/#breadcrumb\"},\"inLanguage\":\"en-US\",\"potentialAction\":[{\"@type\":\"ReadAction\",\"target\":[\"https:\\\/\\\/bbf.ba\\\/podrucje-za-medije\\\/\"]}]},{\"@type\":\"ImageObject\",\"inLanguage\":\"en-US\",\"@id\":\"https:\\\/\\\/bbf.ba\\\/podrucje-za-medije\\\/#primaryimage\",\"url\":\"https:\\\/\\\/bbf.ba\\\/wp-content\\\/uploads\\\/2023\\\/12\\\/SLIKA-STAND-1024x843.jpg\",\"contentUrl\":\"https:\\\/\\\/bbf.ba\\\/wp-content\\\/uploads\\\/2023\\\/12\\\/SLIKA-STAND-1024x843.jpg\"},{\"@type\":\"BreadcrumbList\",\"@id\":\"https:\\\/\\\/bbf.ba\\\/podrucje-za-medije\\\/#breadcrumb\",\"itemListElement\":[{\"@type\":\"ListItem\",\"position\":1,\"name\":\"Home\",\"item\":\"https:\\\/\\\/bbf.ba\\\/\"},{\"@type\":\"ListItem\",\"position\":2,\"name\":\"Podru\u010dje za medije\"}]},{\"@type\":\"WebSite\",\"@id\":\"https:\\\/\\\/bbf.ba\\\/#website\",\"url\":\"https:\\\/\\\/bbf.ba\\\/\",\"name\":\"Blidinje BIKE Festival\",\"description\":\"\",\"publisher\":{\"@id\":\"https:\\\/\\\/bbf.ba\\\/#organization\"},\"potentialAction\":[{\"@type\":\"SearchAction\",\"target\":{\"@type\":\"EntryPoint\",\"urlTemplate\":\"https:\\\/\\\/bbf.ba\\\/?s={search_term_string}\"},\"query-input\":{\"@type\":\"PropertyValueSpecification\",\"valueRequired\":true,\"valueName\":\"search_term_string\"}}],\"inLanguage\":\"en-US\"},{\"@type\":\"Organization\",\"@id\":\"https:\\\/\\\/bbf.ba\\\/#organization\",\"name\":\"Blidinje BIKE Festival\",\"url\":\"https:\\\/\\\/bbf.ba\\\/\",\"logo\":{\"@type\":\"ImageObject\",\"inLanguage\":\"en-US\",\"@id\":\"https:\\\/\\\/bbf.ba\\\/#\\\/schema\\\/logo\\\/image\\\/\",\"url\":\"https:\\\/\\\/bbf.ba\\\/wp-content\\\/uploads\\\/2023\\\/11\\\/cropped-Logo-plavi-transparent-BBF.png\",\"contentUrl\":\"https:\\\/\\\/bbf.ba\\\/wp-content\\\/uploads\\\/2023\\\/11\\\/cropped-Logo-plavi-transparent-BBF.png\",\"width\":512,\"height\":512,\"caption\":\"Blidinje BIKE Festival\"},\"image\":{\"@id\":\"https:\\\/\\\/bbf.ba\\\/#\\\/schema\\\/logo\\\/image\\\/\"}}]}<\/script>\n<!-- \/ Yoast SEO Premium plugin. -->","yoast_head_json":{"title":"Podru\u010dje za medije - Blidinje BIKE Festival","robots":{"index":"index","follow":"follow","max-snippet":"max-snippet:-1","max-image-preview":"max-image-preview:large","max-video-preview":"max-video-preview:-1"},"canonical":"https:\/\/bbf.ba\/en\/podrucje-za-medije\/","og_locale":"en_US","og_type":"article","og_title":"Podru\u010dje za medije","og_description":"Sve informacije na jednom mjestu! Ovdje, medijski profesionalci, blogeri, utjecajni pojedinci i fotografi mogu prona\u0107i sve resurse vezane uz Blidinje BIKE Festival dostupne za preuzimanje. PR &amp; MEDIABlidinje BIKE Festival&nbsp;press@bbf.ba+387 63 766 160 Ponosno omogu\u0107uje Herzegovina Bike Akreditacije Prijavite se za svoju Media Press akreditaciju Priop\u0107enje za javnost Budite prvi na izvoru informacija Sredstva za medije Preuzmite fotografije bez ograni\u010denja autorskim pravima BLIDINJE BIKE FESTIVAL &#8211; VIDEO MATERIJALI OSTALI VIDEO[&hellip;]","og_url":"https:\/\/bbf.ba\/en\/podrucje-za-medije\/","og_site_name":"Blidinje BIKE Festival","article_modified_time":"2024-11-30T18:20:28+00:00","og_image":[{"url":"https:\/\/bbf.ba\/wp-content\/uploads\/2023\/12\/SLIKA-STAND-1024x843.jpg","type":"","width":"","height":""}],"twitter_card":"summary_large_image","twitter_misc":{"Est. reading time":"2 minutes"},"schema":{"@context":"https:\/\/schema.org","@graph":[{"@type":"WebPage","@id":"https:\/\/bbf.ba\/podrucje-za-medije\/","url":"https:\/\/bbf.ba\/podrucje-za-medije\/","name":"Podru\u010dje za medije - Blidinje BIKE Festival","isPartOf":{"@id":"https:\/\/bbf.ba\/#website"},"primaryImageOfPage":{"@id":"https:\/\/bbf.ba\/podrucje-za-medije\/#primaryimage"},"image":{"@id":"https:\/\/bbf.ba\/podrucje-za-medije\/#primaryimage"},"thumbnailUrl":"https:\/\/bbf.ba\/wp-content\/uploads\/2023\/12\/SLIKA-STAND-1024x843.jpg","datePublished":"2023-12-12T21:57:45+00:00","dateModified":"2024-11-30T18:20:28+00:00","breadcrumb":{"@id":"https:\/\/bbf.ba\/podrucje-za-medije\/#breadcrumb"},"inLanguage":"en-US","potentialAction":[{"@type":"ReadAction","target":["https:\/\/bbf.ba\/podrucje-za-medije\/"]}]},{"@type":"ImageObject","inLanguage":"en-US","@id":"https:\/\/bbf.ba\/podrucje-za-medije\/#primaryimage","url":"https:\/\/bbf.ba\/wp-content\/uploads\/2023\/12\/SLIKA-STAND-1024x843.jpg","contentUrl":"https:\/\/bbf.ba\/wp-content\/uploads\/2023\/12\/SLIKA-STAND-1024x843.jpg"},{"@type":"BreadcrumbList","@id":"https:\/\/bbf.ba\/podrucje-za-medije\/#breadcrumb","itemListElement":[{"@type":"ListItem","position":1,"name":"Home","item":"https:\/\/bbf.ba\/"},{"@type":"ListItem","position":2,"name":"Podru\u010dje za medije"}]},{"@type":"WebSite","@id":"https:\/\/bbf.ba\/#website","url":"https:\/\/bbf.ba\/","name":"Blidinje BIKE Festival","description":"","publisher":{"@id":"https:\/\/bbf.ba\/#organization"},"potentialAction":[{"@type":"SearchAction","target":{"@type":"EntryPoint","urlTemplate":"https:\/\/bbf.ba\/?s={search_term_string}"},"query-input":{"@type":"PropertyValueSpecification","valueRequired":true,"valueName":"search_term_string"}}],"inLanguage":"en-US"},{"@type":"Organization","@id":"https:\/\/bbf.ba\/#organization","name":"Blidinje BIKE Festival","url":"https:\/\/bbf.ba\/","logo":{"@type":"ImageObject","inLanguage":"en-US","@id":"https:\/\/bbf.ba\/#\/schema\/logo\/image\/","url":"https:\/\/bbf.ba\/wp-content\/uploads\/2023\/11\/cropped-Logo-plavi-transparent-BBF.png","contentUrl":"https:\/\/bbf.ba\/wp-content\/uploads\/2023\/11\/cropped-Logo-plavi-transparent-BBF.png","width":512,"height":512,"caption":"Blidinje BIKE Festival"},"image":{"@id":"https:\/\/bbf.ba\/#\/schema\/logo\/image\/"}}]}},"_links":{"self":[{"href":"https:\/\/bbf.ba\/en\/wp-json\/wp\/v2\/pages\/2700","targetHints":{"allow":["GET"]}}],"collection":[{"href":"https:\/\/bbf.ba\/en\/wp-json\/wp\/v2\/pages"}],"about":[{"href":"https:\/\/bbf.ba\/en\/wp-json\/wp\/v2\/types\/page"}],"author":[{"embeddable":true,"href":"https:\/\/bbf.ba\/en\/wp-json\/wp\/v2\/users\/2"}],"replies":[{"embeddable":true,"href":"https:\/\/bbf.ba\/en\/wp-json\/wp\/v2\/comments?post=2700"}],"version-history":[{"count":18,"href":"https:\/\/bbf.ba\/en\/wp-json\/wp\/v2\/pages\/2700\/revisions"}],"predecessor-version":[{"id":4585,"href":"https:\/\/bbf.ba\/en\/wp-json\/wp\/v2\/pages\/2700\/revisions\/4585"}],"wp:attachment":[{"href":"https:\/\/bbf.ba\/en\/wp-json\/wp\/v2\/media?parent=2700"}],"curies":[{"name":"wp","href":"https:\/\/api.w.org\/{rel}","templated":true}]}}