{"id":2655,"date":"2023-12-12T22:19:27","date_gmt":"2023-12-12T21:19:27","guid":{"rendered":"https:\/\/bbf.ba\/?page_id=2655"},"modified":"2023-12-20T21:59:37","modified_gmt":"2023-12-20T20:59:37","slug":"kako-doci-do-parka-prirode-blidinje","status":"publish","type":"page","link":"https:\/\/bbf.ba\/en\/kako-doci-do-parka-prirode-blidinje\/","title":{"rendered":"How to get to Blidinje Nature Park"},"content":{"rendered":"<div data-elementor-type=\"wp-page\" data-elementor-id=\"2655\" class=\"elementor elementor-2655\" data-elementor-post-type=\"page\">\n\t\t\t\t\t\t<section class=\"elementor-section elementor-top-section elementor-element elementor-element-4349666 elementor-section-full_width dsvy-bg-color-yes dsvy-elementor-bg-color-white dsvy-col-stretched-none dsvy-bg-color-over-image elementor-section-height-default elementor-section-height-default\" data-id=\"4349666\" data-element_type=\"section\" data-e-type=\"section\">\n\t\t\t\t\t\t<div class=\"elementor-container elementor-column-gap-default\">\n\t\t\t\t\t<div class=\"elementor-column elementor-col-100 elementor-top-column elementor-element elementor-element-0bd8bde dsvy-bg-color-over-image\" data-id=\"0bd8bde\" data-element_type=\"column\" data-e-type=\"column\">\n\t\t\t<div class=\"elementor-widget-wrap elementor-element-populated\">\n\t\t\t\t\t\t<div class=\"elementor-element elementor-element-9eacc3a dsvy-align-center dsvy-heading-style-3 elementor-widget elementor-widget-dsvy_heading\" data-id=\"9eacc3a\" data-element_type=\"widget\" data-e-type=\"widget\" data-widget_type=\"dsvy_heading.default\">\n\t\t\t\t<div class=\"elementor-widget-container\">\n\t\t\t\t\t\t<div class=\"dsvy-heading-subheading center-align dsvy-reverse-heading-yes\"><h4 class=\"dsvy-element-subtitle\">\r\n\t\t\t\r\n\t\t\t\tBlidinje Nature Park\r\n\t\t\t\r\n\t\t\t<\/h4>\r\n\t\t<h2 class=\"dsvy-element-title\">\r\n\t\t\t\r\n\t\t\t\thow to reach us\r\n\t\t\t\r\n\t\t\t<\/h2>\r\n\t\t<div class=\"dsvy-heading-desc\">Here you will find various options for your journey and arrival at the Bike Festival in Blidinje Nature Park. The location is well-connected and easily accessible from different regions.<\/div><\/div>\t\t\t\t<\/div>\n\t\t\t\t<\/div>\n\t\t\t\t<div class=\"elementor-element elementor-element-2d448d7 elementor-widget elementor-widget-accordion\" data-id=\"2d448d7\" data-element_type=\"widget\" data-e-type=\"widget\" data-widget_type=\"accordion.default\">\n\t\t\t\t<div class=\"elementor-widget-container\">\n\t\t\t\t\t\t\t<div class=\"elementor-accordion\">\n\t\t\t\t\t\t\t<div class=\"elementor-accordion-item\">\n\t\t\t\t\t<div id=\"elementor-tab-title-4741\" class=\"elementor-tab-title\" data-tab=\"1\" role=\"button\" aria-controls=\"elementor-tab-content-4741\" aria-expanded=\"false\">\n\t\t\t\t\t\t\t\t\t\t\t\t\t<span class=\"elementor-accordion-icon elementor-accordion-icon-right\" aria-hidden=\"true\">\n\t\t\t\t\t\t\t\t\t\t\t\t\t\t\t<span class=\"elementor-accordion-icon-closed\"><i class=\"fas fa-plus\"><\/i><\/span>\n\t\t\t\t\t\t\t\t<span class=\"elementor-accordion-icon-opened\"><i class=\"fas fa-minus\"><\/i><\/span>\n\t\t\t\t\t\t\t\t\t\t\t\t\t\t<\/span>\n\t\t\t\t\t\t\t\t\t\t\t\t<a class=\"elementor-accordion-title\" tabindex=\"0\">By Plane<\/a>\n\t\t\t\t\t<\/div>\n\t\t\t\t\t<div id=\"elementor-tab-content-4741\" class=\"elementor-tab-content elementor-clearfix\" data-tab=\"1\" role=\"region\" aria-labelledby=\"elementor-tab-title-4741\"><p>In case you are flying to Bosnia and Herzegovina, the nearest airport to the Blidinje Nature Park is Mostar International Airport. Since there are no organized buses, you can order a taxi or private transfer to the center of Mostar. Renting a car might be the most convenient option as buses do not operate directly to Blidinje.<\/p><p>If you are flying to Bosnia and Herzegovina via Sarajevo International Airport, you can also reach Blidinje. The airport is well-connected to the city center, which takes about 30 minutes by local bus or taxi. Furthermore, the main bus station is a 30-minute bus ride from the airport, including a 10-minute walk. From the main station, you can take a bus to other cities like Mostar or Jablanica.<\/p><p>Blidinje Nature Park is just a 2-hour drive from the Adriatic Sea, so you can also arrive from Split Airport and Dubrovnik Airport in Croatia.<\/p><p>More informations: <a href=\"https:\/\/ero-travel.com\/\" target=\"_blank\" rel=\"noopener\">Getting here by plane.<\/a><\/p><\/div>\n\t\t\t\t<\/div>\n\t\t\t\t\t\t\t<div class=\"elementor-accordion-item\">\n\t\t\t\t\t<div id=\"elementor-tab-title-4742\" class=\"elementor-tab-title\" data-tab=\"2\" role=\"button\" aria-controls=\"elementor-tab-content-4742\" aria-expanded=\"false\">\n\t\t\t\t\t\t\t\t\t\t\t\t\t<span class=\"elementor-accordion-icon elementor-accordion-icon-right\" aria-hidden=\"true\">\n\t\t\t\t\t\t\t\t\t\t\t\t\t\t\t<span class=\"elementor-accordion-icon-closed\"><i class=\"fas fa-plus\"><\/i><\/span>\n\t\t\t\t\t\t\t\t<span class=\"elementor-accordion-icon-opened\"><i class=\"fas fa-minus\"><\/i><\/span>\n\t\t\t\t\t\t\t\t\t\t\t\t\t\t<\/span>\n\t\t\t\t\t\t\t\t\t\t\t\t<a class=\"elementor-accordion-title\" tabindex=\"0\">Acces by road<\/a>\n\t\t\t\t\t<\/div>\n\t\t\t\t\t<div id=\"elementor-tab-content-4742\" class=\"elementor-tab-content elementor-clearfix\" data-tab=\"2\" role=\"region\" aria-labelledby=\"elementor-tab-title-4742\"><p><strong>Getting to Blidinje Nature park by car is a breeze.<\/strong><\/p><p>Blidinje Nature Park is easily accessible from the cities of Posu\u0161je, Tomislavgrad, and Jablanica. If coming from the west, you can take the route from Posu\u0161je via Rakitno (R419) or from Tomislavgrad via Lipe (R419a). If coming from the east, the route is from Jablanica via R419.<\/p><p>For larger cities, the capital Sarajevo is about a 2-hour drive, accessible through Doljani on the A1 and E73\/M17. Note that part of the A1 toll highway applies in this region.<\/p><p>From Mostar, which is about 1.5 hours from Jablanica, you can take the E73\/M17.<\/p><p>From Zenica to Blidinje, it takes approximately 2.5 hours via A1 and E73\/M17.<\/p><p><strong>By bus<\/strong><\/p><p>Buses do not directly reach the lake or other attractions in the nature park. However, there are bus lines to Jablanica from major cities such as Sarajevo and Zenica, as well as Mostar and Konjic. There are also bus lines from Split in Croatia. Therefore, reaching the park is more feasible by car or opting for organized tours.<\/p><\/div>\n\t\t\t\t<\/div>\n\t\t\t\t\t\t\t<div class=\"elementor-accordion-item\">\n\t\t\t\t\t<div id=\"elementor-tab-title-4743\" class=\"elementor-tab-title\" data-tab=\"3\" role=\"button\" aria-controls=\"elementor-tab-content-4743\" aria-expanded=\"false\">\n\t\t\t\t\t\t\t\t\t\t\t\t\t<span class=\"elementor-accordion-icon elementor-accordion-icon-right\" aria-hidden=\"true\">\n\t\t\t\t\t\t\t\t\t\t\t\t\t\t\t<span class=\"elementor-accordion-icon-closed\"><i class=\"fas fa-plus\"><\/i><\/span>\n\t\t\t\t\t\t\t\t<span class=\"elementor-accordion-icon-opened\"><i class=\"fas fa-minus\"><\/i><\/span>\n\t\t\t\t\t\t\t\t\t\t\t\t\t\t<\/span>\n\t\t\t\t\t\t\t\t\t\t\t\t<a class=\"elementor-accordion-title\" tabindex=\"0\">Getting there by train<\/a>\n\t\t\t\t\t<\/div>\n\t\t\t\t\t<div id=\"elementor-tab-content-4743\" class=\"elementor-tab-content elementor-clearfix\" data-tab=\"3\" role=\"region\" aria-labelledby=\"elementor-tab-title-4743\"><p>Mostar train station, which is the closest to Blidinje Nature park, is accessible year-round in Bosnia and Herzegovina or from Plo\u010de in Croatia.<\/p><p>More informations: <a href=\"https:\/\/www.zfbh.ba\/red-voznje\/\" target=\"_blank\" rel=\"noopener\">Getting here by train.<\/a><\/p><\/div>\n\t\t\t\t<\/div>\n\t\t\t\t\t\t\t<div class=\"elementor-accordion-item\">\n\t\t\t\t\t<div id=\"elementor-tab-title-4744\" class=\"elementor-tab-title\" data-tab=\"4\" role=\"button\" aria-controls=\"elementor-tab-content-4744\" aria-expanded=\"false\">\n\t\t\t\t\t\t\t\t\t\t\t\t\t<span class=\"elementor-accordion-icon elementor-accordion-icon-right\" aria-hidden=\"true\">\n\t\t\t\t\t\t\t\t\t\t\t\t\t\t\t<span class=\"elementor-accordion-icon-closed\"><i class=\"fas fa-plus\"><\/i><\/span>\n\t\t\t\t\t\t\t\t<span class=\"elementor-accordion-icon-opened\"><i class=\"fas fa-minus\"><\/i><\/span>\n\t\t\t\t\t\t\t\t\t\t\t\t\t\t<\/span>\n\t\t\t\t\t\t\t\t\t\t\t\t<a class=\"elementor-accordion-title\" tabindex=\"0\">Biking from Mostar to Blidinje Nature park<\/a>\n\t\t\t\t\t<\/div>\n\t\t\t\t\t<div id=\"elementor-tab-content-4744\" class=\"elementor-tab-content elementor-clearfix\" data-tab=\"4\" role=\"region\" aria-labelledby=\"elementor-tab-title-4744\"><p>Fancy warming up?<\/p><p>This is the perfect way to bike from Mostar to Blidinje Nature park: less than 60 kilometers, but mostly uphill, you need to imput some power and there you are!<\/p><p>More information on how to get to Blidinje Nature Park by bike can be found on our website below \ud83d\udc47<\/p><p><a href=\"https:\/\/www.herzegovinabike.ba\/tour\/park-prirode-blidinje-mostar-blidinje\/\" target=\"_blank\" rel=\"noopener\">https:\/\/www.herzegovinabike.ba\/tour\/park-prirode-blidinje-mostar-blidinje\/<\/a><\/p><figure class=\"wp-block-embed aligncenter is-type-wp-embed is-provider-herzegovinabike wp-block-embed-herzegovinabike\"><div class=\"wp-block-embed__wrapper\">\u00a0<\/div><\/figure><\/div>\n\t\t\t\t<\/div>\n\t\t\t\t\t\t\t\t<\/div>\n\t\t\t\t\t\t<\/div>\n\t\t\t\t<\/div>\n\t\t\t\t\t<\/div>\n\t\t<\/div>\n\t\t\t\t\t<\/div>\n\t\t<\/section>\n\t\t\t\t<\/div>","protected":false},"excerpt":{"rendered":"<p>Park prirode Blidinje kako do\u0107i do nas Ovdje \u0107ete prona\u0107i razli\u010dite opcije za svoje putovanje i dolazak na Bike Festival u Parku prirode Blidinje. Lokacija je dobro povezana i lako dostupna iz razli\u010ditih regija. Avionom Ako dolazite avionom u Bosnu i Hercegovinu, najbli\u017ea zra\u010dna luka Parku prirode Blidinje je Me\u0111unarodna zra\u010dna luka Mostar. Budu\u0107i da nema organiziranih autobusa, mo\u017eete naru\u010diti taksi ili privatni transfer do centra Mostara. Najpogodnija opcija mo\u017ee[&hellip;]<\/p>\n","protected":false},"author":2,"featured_media":0,"parent":0,"menu_order":0,"comment_status":"closed","ping_status":"closed","template":"","meta":{"_acf_changed":false,"footnotes":""},"class_list":["post-2655","page","type-page","status-publish","hentry"],"acf":[],"yoast_head":"<!-- This site is optimized with the Yoast SEO Premium plugin v21.7 (Yoast SEO v27.3) - https:\/\/yoast.com\/product\/yoast-seo-premium-wordpress\/ -->\n<title>Kako do\u0107i do Parka prirode Blidinje - Blidinje BIKE Festival<\/title>\n<meta name=\"robots\" content=\"index, follow, max-snippet:-1, max-image-preview:large, max-video-preview:-1\" \/>\n<link rel=\"canonical\" href=\"https:\/\/bbf.ba\/en\/kako-doci-do-parka-prirode-blidinje\/\" \/>\n<meta property=\"og:locale\" content=\"en_US\" \/>\n<meta property=\"og:type\" content=\"article\" \/>\n<meta property=\"og:title\" content=\"Kako do\u0107i do Parka prirode Blidinje\" \/>\n<meta property=\"og:description\" content=\"Park prirode Blidinje kako do\u0107i do nas Ovdje \u0107ete prona\u0107i razli\u010dite opcije za svoje putovanje i dolazak na Bike Festival u Parku prirode Blidinje. Lokacija je dobro povezana i lako dostupna iz razli\u010ditih regija. Avionom Ako dolazite avionom u Bosnu i Hercegovinu, najbli\u017ea zra\u010dna luka Parku prirode Blidinje je Me\u0111unarodna zra\u010dna luka Mostar. Budu\u0107i da nema organiziranih autobusa, mo\u017eete naru\u010diti taksi ili privatni transfer do centra Mostara. Najpogodnija opcija mo\u017ee[&hellip;]\" \/>\n<meta property=\"og:url\" content=\"https:\/\/bbf.ba\/en\/kako-doci-do-parka-prirode-blidinje\/\" \/>\n<meta property=\"og:site_name\" content=\"Blidinje BIKE Festival\" \/>\n<meta property=\"article:modified_time\" content=\"2023-12-20T20:59:37+00:00\" \/>\n<meta name=\"twitter:card\" content=\"summary_large_image\" \/>\n<meta name=\"twitter:label1\" content=\"Est. reading time\" \/>\n\t<meta name=\"twitter:data1\" content=\"2 minutes\" \/>\n<script type=\"application\/ld+json\" class=\"yoast-schema-graph\">{\"@context\":\"https:\\\/\\\/schema.org\",\"@graph\":[{\"@type\":\"WebPage\",\"@id\":\"https:\\\/\\\/bbf.ba\\\/kako-doci-do-parka-prirode-blidinje\\\/\",\"url\":\"https:\\\/\\\/bbf.ba\\\/kako-doci-do-parka-prirode-blidinje\\\/\",\"name\":\"Kako do\u0107i do Parka prirode Blidinje - Blidinje BIKE Festival\",\"isPartOf\":{\"@id\":\"https:\\\/\\\/bbf.ba\\\/#website\"},\"datePublished\":\"2023-12-12T21:19:27+00:00\",\"dateModified\":\"2023-12-20T20:59:37+00:00\",\"breadcrumb\":{\"@id\":\"https:\\\/\\\/bbf.ba\\\/kako-doci-do-parka-prirode-blidinje\\\/#breadcrumb\"},\"inLanguage\":\"en-US\",\"potentialAction\":[{\"@type\":\"ReadAction\",\"target\":[\"https:\\\/\\\/bbf.ba\\\/kako-doci-do-parka-prirode-blidinje\\\/\"]}]},{\"@type\":\"BreadcrumbList\",\"@id\":\"https:\\\/\\\/bbf.ba\\\/kako-doci-do-parka-prirode-blidinje\\\/#breadcrumb\",\"itemListElement\":[{\"@type\":\"ListItem\",\"position\":1,\"name\":\"Home\",\"item\":\"https:\\\/\\\/bbf.ba\\\/\"},{\"@type\":\"ListItem\",\"position\":2,\"name\":\"Kako do\u0107i do Parka prirode Blidinje\"}]},{\"@type\":\"WebSite\",\"@id\":\"https:\\\/\\\/bbf.ba\\\/#website\",\"url\":\"https:\\\/\\\/bbf.ba\\\/\",\"name\":\"Blidinje BIKE Festival\",\"description\":\"\",\"publisher\":{\"@id\":\"https:\\\/\\\/bbf.ba\\\/#organization\"},\"potentialAction\":[{\"@type\":\"SearchAction\",\"target\":{\"@type\":\"EntryPoint\",\"urlTemplate\":\"https:\\\/\\\/bbf.ba\\\/?s={search_term_string}\"},\"query-input\":{\"@type\":\"PropertyValueSpecification\",\"valueRequired\":true,\"valueName\":\"search_term_string\"}}],\"inLanguage\":\"en-US\"},{\"@type\":\"Organization\",\"@id\":\"https:\\\/\\\/bbf.ba\\\/#organization\",\"name\":\"Blidinje BIKE Festival\",\"url\":\"https:\\\/\\\/bbf.ba\\\/\",\"logo\":{\"@type\":\"ImageObject\",\"inLanguage\":\"en-US\",\"@id\":\"https:\\\/\\\/bbf.ba\\\/#\\\/schema\\\/logo\\\/image\\\/\",\"url\":\"https:\\\/\\\/bbf.ba\\\/wp-content\\\/uploads\\\/2023\\\/11\\\/cropped-Logo-plavi-transparent-BBF.png\",\"contentUrl\":\"https:\\\/\\\/bbf.ba\\\/wp-content\\\/uploads\\\/2023\\\/11\\\/cropped-Logo-plavi-transparent-BBF.png\",\"width\":512,\"height\":512,\"caption\":\"Blidinje BIKE Festival\"},\"image\":{\"@id\":\"https:\\\/\\\/bbf.ba\\\/#\\\/schema\\\/logo\\\/image\\\/\"}}]}<\/script>\n<!-- \/ Yoast SEO Premium plugin. -->","yoast_head_json":{"title":"Kako do\u0107i do Parka prirode Blidinje - Blidinje BIKE Festival","robots":{"index":"index","follow":"follow","max-snippet":"max-snippet:-1","max-image-preview":"max-image-preview:large","max-video-preview":"max-video-preview:-1"},"canonical":"https:\/\/bbf.ba\/en\/kako-doci-do-parka-prirode-blidinje\/","og_locale":"en_US","og_type":"article","og_title":"Kako do\u0107i do Parka prirode Blidinje","og_description":"Park prirode Blidinje kako do\u0107i do nas Ovdje \u0107ete prona\u0107i razli\u010dite opcije za svoje putovanje i dolazak na Bike Festival u Parku prirode Blidinje. Lokacija je dobro povezana i lako dostupna iz razli\u010ditih regija. Avionom Ako dolazite avionom u Bosnu i Hercegovinu, najbli\u017ea zra\u010dna luka Parku prirode Blidinje je Me\u0111unarodna zra\u010dna luka Mostar. Budu\u0107i da nema organiziranih autobusa, mo\u017eete naru\u010diti taksi ili privatni transfer do centra Mostara. Najpogodnija opcija mo\u017ee[&hellip;]","og_url":"https:\/\/bbf.ba\/en\/kako-doci-do-parka-prirode-blidinje\/","og_site_name":"Blidinje BIKE Festival","article_modified_time":"2023-12-20T20:59:37+00:00","twitter_card":"summary_large_image","twitter_misc":{"Est. reading time":"2 minutes"},"schema":{"@context":"https:\/\/schema.org","@graph":[{"@type":"WebPage","@id":"https:\/\/bbf.ba\/kako-doci-do-parka-prirode-blidinje\/","url":"https:\/\/bbf.ba\/kako-doci-do-parka-prirode-blidinje\/","name":"Kako do\u0107i do Parka prirode Blidinje - Blidinje BIKE Festival","isPartOf":{"@id":"https:\/\/bbf.ba\/#website"},"datePublished":"2023-12-12T21:19:27+00:00","dateModified":"2023-12-20T20:59:37+00:00","breadcrumb":{"@id":"https:\/\/bbf.ba\/kako-doci-do-parka-prirode-blidinje\/#breadcrumb"},"inLanguage":"en-US","potentialAction":[{"@type":"ReadAction","target":["https:\/\/bbf.ba\/kako-doci-do-parka-prirode-blidinje\/"]}]},{"@type":"BreadcrumbList","@id":"https:\/\/bbf.ba\/kako-doci-do-parka-prirode-blidinje\/#breadcrumb","itemListElement":[{"@type":"ListItem","position":1,"name":"Home","item":"https:\/\/bbf.ba\/"},{"@type":"ListItem","position":2,"name":"Kako do\u0107i do Parka prirode Blidinje"}]},{"@type":"WebSite","@id":"https:\/\/bbf.ba\/#website","url":"https:\/\/bbf.ba\/","name":"Blidinje BIKE Festival","description":"","publisher":{"@id":"https:\/\/bbf.ba\/#organization"},"potentialAction":[{"@type":"SearchAction","target":{"@type":"EntryPoint","urlTemplate":"https:\/\/bbf.ba\/?s={search_term_string}"},"query-input":{"@type":"PropertyValueSpecification","valueRequired":true,"valueName":"search_term_string"}}],"inLanguage":"en-US"},{"@type":"Organization","@id":"https:\/\/bbf.ba\/#organization","name":"Blidinje BIKE Festival","url":"https:\/\/bbf.ba\/","logo":{"@type":"ImageObject","inLanguage":"en-US","@id":"https:\/\/bbf.ba\/#\/schema\/logo\/image\/","url":"https:\/\/bbf.ba\/wp-content\/uploads\/2023\/11\/cropped-Logo-plavi-transparent-BBF.png","contentUrl":"https:\/\/bbf.ba\/wp-content\/uploads\/2023\/11\/cropped-Logo-plavi-transparent-BBF.png","width":512,"height":512,"caption":"Blidinje BIKE Festival"},"image":{"@id":"https:\/\/bbf.ba\/#\/schema\/logo\/image\/"}}]}},"_links":{"self":[{"href":"https:\/\/bbf.ba\/en\/wp-json\/wp\/v2\/pages\/2655","targetHints":{"allow":["GET"]}}],"collection":[{"href":"https:\/\/bbf.ba\/en\/wp-json\/wp\/v2\/pages"}],"about":[{"href":"https:\/\/bbf.ba\/en\/wp-json\/wp\/v2\/types\/page"}],"author":[{"embeddable":true,"href":"https:\/\/bbf.ba\/en\/wp-json\/wp\/v2\/users\/2"}],"replies":[{"embeddable":true,"href":"https:\/\/bbf.ba\/en\/wp-json\/wp\/v2\/comments?post=2655"}],"version-history":[{"count":46,"href":"https:\/\/bbf.ba\/en\/wp-json\/wp\/v2\/pages\/2655\/revisions"}],"predecessor-version":[{"id":3237,"href":"https:\/\/bbf.ba\/en\/wp-json\/wp\/v2\/pages\/2655\/revisions\/3237"}],"wp:attachment":[{"href":"https:\/\/bbf.ba\/en\/wp-json\/wp\/v2\/media?parent=2655"}],"curies":[{"name":"wp","href":"https:\/\/api.w.org\/{rel}","templated":true}]}}