{"id":2649,"date":"2023-12-12T22:08:58","date_gmt":"2023-12-12T21:08:58","guid":{"rendered":"https:\/\/bbf.ba\/?page_id=2649"},"modified":"2024-03-19T19:23:42","modified_gmt":"2024-03-19T18:23:42","slug":"smjestaj-u-praku-prirode-blidinje","status":"publish","type":"page","link":"https:\/\/bbf.ba\/en\/smjestaj-u-praku-prirode-blidinje\/","title":{"rendered":"Accommodation in Blidinje Nature park"},"content":{"rendered":"<p>Blidinje Nature Park is the perfect location for a multi-day vacation and relaxation. Due to its favorable position, it can also serve as a base for day trips to other places in Bosnia and Herzegovina and Croatia. Within our Park, there is a diverse range of accommodation options that will satisfy various preferences. Our team can arrange accommodation in hotels, motels, mountain lodges, cabins, or private accommodations.<\/p>\n\n\n\n<h5 class=\"wp-block-heading\" id=\"h-donosimo-neke-od-nasih-partnera-koje-mozete-kontaktirati\"><mark style=\"background-color:rgba(0, 0, 0, 0);color:#262e57\" class=\"has-inline-color\">Some of our partners can be found below:<\/mark><\/h5>\n\n\n\n<hr class=\"wp-block-separator has-alpha-channel-opacity\"\/>\n\n\n\n<div class=\"wp-block-media-text is-stacked-on-mobile\"><figure class=\"wp-block-media-text__media\"><img fetchpriority=\"high\" decoding=\"async\" width=\"866\" height=\"667\" src=\"https:\/\/bbf.ba\/wp-content\/uploads\/2023\/12\/Hajducke-vrleti-Blidinje.jpeg\" alt=\"\" class=\"wp-image-1188 size-full\" srcset=\"https:\/\/bbf.ba\/wp-content\/uploads\/2023\/12\/Hajducke-vrleti-Blidinje.jpeg 866w, https:\/\/bbf.ba\/wp-content\/uploads\/2023\/12\/Hajducke-vrleti-Blidinje-300x231.jpeg 300w, https:\/\/bbf.ba\/wp-content\/uploads\/2023\/12\/Hajducke-vrleti-Blidinje-768x592.jpeg 768w, https:\/\/bbf.ba\/wp-content\/uploads\/2023\/12\/Hajducke-vrleti-Blidinje-770x593.jpeg 770w\" sizes=\"(max-width: 866px) 100vw, 866px\" \/><\/figure><div class=\"wp-block-media-text__content\">\n<p class=\"has-text-align-center\"><strong>Restaurant Hajdu\u010dke Vrleti<\/strong><\/p>\n\n\n\n<p><sub>Opened in the summer of 1999, Hajdu\u010dke Vrleti has since become an essential stop for all visitors to Blidinje Nature Park and a symbolic landmark of the region. Uniquely comprehensive, situated in a separate and special location, they represent a blend of isolated centuries-old architecture, astonishing natural beauty, and traditions capable of creating a variety of experiences and relaxation that will satisfy even the most demanding.<\/sub><\/p>\n\n\n\n<p class=\"has-text-align-center\"><a href=\"https:\/\/www.vrleti.com\/\" target=\"_blank\" rel=\"noreferrer noopener\">Visit web page \u2197<\/a><\/p>\n<\/div><\/div>\n\n\n\n<hr class=\"wp-block-separator has-alpha-channel-opacity\"\/>\n\n\n\n<div class=\"wp-block-media-text has-media-on-the-right is-stacked-on-mobile\"><div class=\"wp-block-media-text__content\">\n<p class=\"has-text-align-center\"><strong>Restaurant<\/strong> <strong>Staza<\/strong><\/p>\n\n\n\n<p><sub>The location is ideal for visiting in all seasons, whether you want to enjoy the spring or autumn atmosphere or seek refuge from the intense summer heat.<br>The ski resort, which is also a top natural attraction to visit throughout the year, is located at the foot of Mount \u010cvrsnica, in the heart of Blidinje Nature Park, covering an area of about 30,000 m2.<br>The restaurant offers the possibility of renting bicycles, and we have also set up an amusement park for children.<\/sub>.<\/p>\n\n\n\n<p><sub>.<\/sub><\/p>\n\n\n\n<p class=\"has-text-align-center\"><a href=\"https:\/\/www.facebook.com\/restoran.Staza.Blidinje\/?locale=hr_HR\" target=\"_blank\" rel=\"noreferrer noopener\">Visit web page \u2197<\/a><\/p>\n<\/div><figure class=\"wp-block-media-text__media\"><img decoding=\"async\" width=\"1024\" height=\"683\" src=\"https:\/\/bbf.ba\/wp-content\/uploads\/2023\/12\/Restoran-Staza-Blidinje-1024x683.jpeg\" alt=\"\" class=\"wp-image-1189 size-full\" srcset=\"https:\/\/bbf.ba\/wp-content\/uploads\/2023\/12\/Restoran-Staza-Blidinje-1024x683.jpeg 1024w, https:\/\/bbf.ba\/wp-content\/uploads\/2023\/12\/Restoran-Staza-Blidinje-300x200.jpeg 300w, https:\/\/bbf.ba\/wp-content\/uploads\/2023\/12\/Restoran-Staza-Blidinje-768x512.jpeg 768w, https:\/\/bbf.ba\/wp-content\/uploads\/2023\/12\/Restoran-Staza-Blidinje-770x513.jpeg 770w, https:\/\/bbf.ba\/wp-content\/uploads\/2023\/12\/Restoran-Staza-Blidinje.jpeg 1440w\" sizes=\"(max-width: 1024px) 100vw, 1024px\" \/><\/figure><\/div>\n\n\n\n<hr class=\"wp-block-separator has-alpha-channel-opacity\"\/>\n\n\n\n<figure class=\"wp-block-image aligncenter size-large\"><a href=\"https:\/\/www.fortuna.ba\/\" target=\"_blank\" rel=\"https:\/\/www.fortuna.ba\/ noopener\"><img decoding=\"async\" width=\"1024\" height=\"576\" src=\"https:\/\/bbf.ba\/wp-content\/uploads\/2023\/12\/Accommodation-Fortuna-copy-1024x576.jpg\" alt=\"\" class=\"wp-image-1219\" srcset=\"https:\/\/bbf.ba\/wp-content\/uploads\/2023\/12\/Accommodation-Fortuna-copy-1024x576.jpg 1024w, https:\/\/bbf.ba\/wp-content\/uploads\/2023\/12\/Accommodation-Fortuna-copy-300x169.jpg 300w, https:\/\/bbf.ba\/wp-content\/uploads\/2023\/12\/Accommodation-Fortuna-copy-768x432.jpg 768w, https:\/\/bbf.ba\/wp-content\/uploads\/2023\/12\/Accommodation-Fortuna-copy-770x433.jpg 770w, https:\/\/bbf.ba\/wp-content\/uploads\/2023\/12\/Accommodation-Fortuna-copy.jpg 1200w\" sizes=\"(max-width: 1024px) 100vw, 1024px\" \/><\/a><\/figure>","protected":false},"excerpt":{"rendered":"<p>Park prirode Blidinje idealno je mjesto za vi\u0161ednevni odmor i opu\u0161tanje. Zbog svoje povoljne pozicije, mo\u017ee poslu\u017eiti i kao baza za jednodnevne izlete u druge dijelove Bosne i Hercegovine te Hrvatske. Unutar na\u0161eg parka dostupan je raznovrstan izbor smje\u0161tajnih opcija koje \u0107e zadovoljiti razli\u010dite preference. Na\u0161 tim mo\u017ee organizirati smje\u0161taj u hotelima, motelima, planinskim ku\u0107ama, brvnarama ili privatnim smje\u0161tajima. Donosimo neke od na\u0161ih partnera koje mo\u017eete kontaktirati: Restoran Hajdu\u010dke Vrleti[&hellip;]<\/p>\n","protected":false},"author":2,"featured_media":0,"parent":0,"menu_order":0,"comment_status":"closed","ping_status":"closed","template":"","meta":{"_acf_changed":false,"footnotes":""},"class_list":["post-2649","page","type-page","status-publish","hentry"],"acf":[],"yoast_head":"<!-- This site is optimized with the Yoast SEO Premium plugin v21.7 (Yoast SEO v27.3) - https:\/\/yoast.com\/product\/yoast-seo-premium-wordpress\/ -->\n<title>Smje\u0161taj u Praku prirode Blidinje - Blidinje BIKE Festival<\/title>\n<meta name=\"robots\" content=\"index, follow, max-snippet:-1, max-image-preview:large, max-video-preview:-1\" \/>\n<link rel=\"canonical\" href=\"https:\/\/bbf.ba\/en\/smjestaj-u-praku-prirode-blidinje\/\" \/>\n<meta property=\"og:locale\" content=\"en_US\" \/>\n<meta property=\"og:type\" content=\"article\" \/>\n<meta property=\"og:title\" content=\"Smje\u0161taj u Praku prirode Blidinje\" \/>\n<meta property=\"og:description\" content=\"Park prirode Blidinje idealno je mjesto za vi\u0161ednevni odmor i opu\u0161tanje. Zbog svoje povoljne pozicije, mo\u017ee poslu\u017eiti i kao baza za jednodnevne izlete u druge dijelove Bosne i Hercegovine te Hrvatske. Unutar na\u0161eg parka dostupan je raznovrstan izbor smje\u0161tajnih opcija koje \u0107e zadovoljiti razli\u010dite preference. Na\u0161 tim mo\u017ee organizirati smje\u0161taj u hotelima, motelima, planinskim ku\u0107ama, brvnarama ili privatnim smje\u0161tajima. Donosimo neke od na\u0161ih partnera koje mo\u017eete kontaktirati: Restoran Hajdu\u010dke Vrleti[&hellip;]\" \/>\n<meta property=\"og:url\" content=\"https:\/\/bbf.ba\/en\/smjestaj-u-praku-prirode-blidinje\/\" \/>\n<meta property=\"og:site_name\" content=\"Blidinje BIKE Festival\" \/>\n<meta property=\"article:modified_time\" content=\"2024-03-19T18:23:42+00:00\" \/>\n<meta property=\"og:image\" content=\"https:\/\/bbf.ba\/wp-content\/uploads\/2023\/12\/Hajducke-vrleti-Blidinje.jpeg\" \/>\n<meta name=\"twitter:card\" content=\"summary_large_image\" \/>\n<meta name=\"twitter:label1\" content=\"Est. reading time\" \/>\n\t<meta name=\"twitter:data1\" content=\"2 minutes\" \/>\n<script type=\"application\/ld+json\" class=\"yoast-schema-graph\">{\"@context\":\"https:\\\/\\\/schema.org\",\"@graph\":[{\"@type\":\"WebPage\",\"@id\":\"https:\\\/\\\/bbf.ba\\\/smjestaj-u-praku-prirode-blidinje\\\/\",\"url\":\"https:\\\/\\\/bbf.ba\\\/smjestaj-u-praku-prirode-blidinje\\\/\",\"name\":\"Smje\u0161taj u Praku prirode Blidinje - Blidinje BIKE Festival\",\"isPartOf\":{\"@id\":\"https:\\\/\\\/bbf.ba\\\/#website\"},\"primaryImageOfPage\":{\"@id\":\"https:\\\/\\\/bbf.ba\\\/smjestaj-u-praku-prirode-blidinje\\\/#primaryimage\"},\"image\":{\"@id\":\"https:\\\/\\\/bbf.ba\\\/smjestaj-u-praku-prirode-blidinje\\\/#primaryimage\"},\"thumbnailUrl\":\"https:\\\/\\\/bbf.ba\\\/wp-content\\\/uploads\\\/2023\\\/12\\\/Hajducke-vrleti-Blidinje.jpeg\",\"datePublished\":\"2023-12-12T21:08:58+00:00\",\"dateModified\":\"2024-03-19T18:23:42+00:00\",\"breadcrumb\":{\"@id\":\"https:\\\/\\\/bbf.ba\\\/smjestaj-u-praku-prirode-blidinje\\\/#breadcrumb\"},\"inLanguage\":\"en-US\",\"potentialAction\":[{\"@type\":\"ReadAction\",\"target\":[\"https:\\\/\\\/bbf.ba\\\/smjestaj-u-praku-prirode-blidinje\\\/\"]}]},{\"@type\":\"ImageObject\",\"inLanguage\":\"en-US\",\"@id\":\"https:\\\/\\\/bbf.ba\\\/smjestaj-u-praku-prirode-blidinje\\\/#primaryimage\",\"url\":\"https:\\\/\\\/bbf.ba\\\/wp-content\\\/uploads\\\/2023\\\/12\\\/Hajducke-vrleti-Blidinje.jpeg\",\"contentUrl\":\"https:\\\/\\\/bbf.ba\\\/wp-content\\\/uploads\\\/2023\\\/12\\\/Hajducke-vrleti-Blidinje.jpeg\"},{\"@type\":\"BreadcrumbList\",\"@id\":\"https:\\\/\\\/bbf.ba\\\/smjestaj-u-praku-prirode-blidinje\\\/#breadcrumb\",\"itemListElement\":[{\"@type\":\"ListItem\",\"position\":1,\"name\":\"Home\",\"item\":\"https:\\\/\\\/bbf.ba\\\/\"},{\"@type\":\"ListItem\",\"position\":2,\"name\":\"Smje\u0161taj u Praku prirode Blidinje\"}]},{\"@type\":\"WebSite\",\"@id\":\"https:\\\/\\\/bbf.ba\\\/#website\",\"url\":\"https:\\\/\\\/bbf.ba\\\/\",\"name\":\"Blidinje BIKE Festival\",\"description\":\"\",\"publisher\":{\"@id\":\"https:\\\/\\\/bbf.ba\\\/#organization\"},\"potentialAction\":[{\"@type\":\"SearchAction\",\"target\":{\"@type\":\"EntryPoint\",\"urlTemplate\":\"https:\\\/\\\/bbf.ba\\\/?s={search_term_string}\"},\"query-input\":{\"@type\":\"PropertyValueSpecification\",\"valueRequired\":true,\"valueName\":\"search_term_string\"}}],\"inLanguage\":\"en-US\"},{\"@type\":\"Organization\",\"@id\":\"https:\\\/\\\/bbf.ba\\\/#organization\",\"name\":\"Blidinje BIKE Festival\",\"url\":\"https:\\\/\\\/bbf.ba\\\/\",\"logo\":{\"@type\":\"ImageObject\",\"inLanguage\":\"en-US\",\"@id\":\"https:\\\/\\\/bbf.ba\\\/#\\\/schema\\\/logo\\\/image\\\/\",\"url\":\"https:\\\/\\\/bbf.ba\\\/wp-content\\\/uploads\\\/2023\\\/11\\\/cropped-Logo-plavi-transparent-BBF.png\",\"contentUrl\":\"https:\\\/\\\/bbf.ba\\\/wp-content\\\/uploads\\\/2023\\\/11\\\/cropped-Logo-plavi-transparent-BBF.png\",\"width\":512,\"height\":512,\"caption\":\"Blidinje BIKE Festival\"},\"image\":{\"@id\":\"https:\\\/\\\/bbf.ba\\\/#\\\/schema\\\/logo\\\/image\\\/\"}}]}<\/script>\n<!-- \/ Yoast SEO Premium plugin. -->","yoast_head_json":{"title":"Smje\u0161taj u Praku prirode Blidinje - Blidinje BIKE Festival","robots":{"index":"index","follow":"follow","max-snippet":"max-snippet:-1","max-image-preview":"max-image-preview:large","max-video-preview":"max-video-preview:-1"},"canonical":"https:\/\/bbf.ba\/en\/smjestaj-u-praku-prirode-blidinje\/","og_locale":"en_US","og_type":"article","og_title":"Smje\u0161taj u Praku prirode Blidinje","og_description":"Park prirode Blidinje idealno je mjesto za vi\u0161ednevni odmor i opu\u0161tanje. Zbog svoje povoljne pozicije, mo\u017ee poslu\u017eiti i kao baza za jednodnevne izlete u druge dijelove Bosne i Hercegovine te Hrvatske. Unutar na\u0161eg parka dostupan je raznovrstan izbor smje\u0161tajnih opcija koje \u0107e zadovoljiti razli\u010dite preference. Na\u0161 tim mo\u017ee organizirati smje\u0161taj u hotelima, motelima, planinskim ku\u0107ama, brvnarama ili privatnim smje\u0161tajima. Donosimo neke od na\u0161ih partnera koje mo\u017eete kontaktirati: Restoran Hajdu\u010dke Vrleti[&hellip;]","og_url":"https:\/\/bbf.ba\/en\/smjestaj-u-praku-prirode-blidinje\/","og_site_name":"Blidinje BIKE Festival","article_modified_time":"2024-03-19T18:23:42+00:00","og_image":[{"url":"https:\/\/bbf.ba\/wp-content\/uploads\/2023\/12\/Hajducke-vrleti-Blidinje.jpeg","type":"","width":"","height":""}],"twitter_card":"summary_large_image","twitter_misc":{"Est. reading time":"2 minutes"},"schema":{"@context":"https:\/\/schema.org","@graph":[{"@type":"WebPage","@id":"https:\/\/bbf.ba\/smjestaj-u-praku-prirode-blidinje\/","url":"https:\/\/bbf.ba\/smjestaj-u-praku-prirode-blidinje\/","name":"Smje\u0161taj u Praku prirode Blidinje - Blidinje BIKE Festival","isPartOf":{"@id":"https:\/\/bbf.ba\/#website"},"primaryImageOfPage":{"@id":"https:\/\/bbf.ba\/smjestaj-u-praku-prirode-blidinje\/#primaryimage"},"image":{"@id":"https:\/\/bbf.ba\/smjestaj-u-praku-prirode-blidinje\/#primaryimage"},"thumbnailUrl":"https:\/\/bbf.ba\/wp-content\/uploads\/2023\/12\/Hajducke-vrleti-Blidinje.jpeg","datePublished":"2023-12-12T21:08:58+00:00","dateModified":"2024-03-19T18:23:42+00:00","breadcrumb":{"@id":"https:\/\/bbf.ba\/smjestaj-u-praku-prirode-blidinje\/#breadcrumb"},"inLanguage":"en-US","potentialAction":[{"@type":"ReadAction","target":["https:\/\/bbf.ba\/smjestaj-u-praku-prirode-blidinje\/"]}]},{"@type":"ImageObject","inLanguage":"en-US","@id":"https:\/\/bbf.ba\/smjestaj-u-praku-prirode-blidinje\/#primaryimage","url":"https:\/\/bbf.ba\/wp-content\/uploads\/2023\/12\/Hajducke-vrleti-Blidinje.jpeg","contentUrl":"https:\/\/bbf.ba\/wp-content\/uploads\/2023\/12\/Hajducke-vrleti-Blidinje.jpeg"},{"@type":"BreadcrumbList","@id":"https:\/\/bbf.ba\/smjestaj-u-praku-prirode-blidinje\/#breadcrumb","itemListElement":[{"@type":"ListItem","position":1,"name":"Home","item":"https:\/\/bbf.ba\/"},{"@type":"ListItem","position":2,"name":"Smje\u0161taj u Praku prirode Blidinje"}]},{"@type":"WebSite","@id":"https:\/\/bbf.ba\/#website","url":"https:\/\/bbf.ba\/","name":"Blidinje BIKE Festival","description":"","publisher":{"@id":"https:\/\/bbf.ba\/#organization"},"potentialAction":[{"@type":"SearchAction","target":{"@type":"EntryPoint","urlTemplate":"https:\/\/bbf.ba\/?s={search_term_string}"},"query-input":{"@type":"PropertyValueSpecification","valueRequired":true,"valueName":"search_term_string"}}],"inLanguage":"en-US"},{"@type":"Organization","@id":"https:\/\/bbf.ba\/#organization","name":"Blidinje BIKE Festival","url":"https:\/\/bbf.ba\/","logo":{"@type":"ImageObject","inLanguage":"en-US","@id":"https:\/\/bbf.ba\/#\/schema\/logo\/image\/","url":"https:\/\/bbf.ba\/wp-content\/uploads\/2023\/11\/cropped-Logo-plavi-transparent-BBF.png","contentUrl":"https:\/\/bbf.ba\/wp-content\/uploads\/2023\/11\/cropped-Logo-plavi-transparent-BBF.png","width":512,"height":512,"caption":"Blidinje BIKE Festival"},"image":{"@id":"https:\/\/bbf.ba\/#\/schema\/logo\/image\/"}}]}},"_links":{"self":[{"href":"https:\/\/bbf.ba\/en\/wp-json\/wp\/v2\/pages\/2649","targetHints":{"allow":["GET"]}}],"collection":[{"href":"https:\/\/bbf.ba\/en\/wp-json\/wp\/v2\/pages"}],"about":[{"href":"https:\/\/bbf.ba\/en\/wp-json\/wp\/v2\/types\/page"}],"author":[{"embeddable":true,"href":"https:\/\/bbf.ba\/en\/wp-json\/wp\/v2\/users\/2"}],"replies":[{"embeddable":true,"href":"https:\/\/bbf.ba\/en\/wp-json\/wp\/v2\/comments?post=2649"}],"version-history":[{"count":3,"href":"https:\/\/bbf.ba\/en\/wp-json\/wp\/v2\/pages\/2649\/revisions"}],"predecessor-version":[{"id":4035,"href":"https:\/\/bbf.ba\/en\/wp-json\/wp\/v2\/pages\/2649\/revisions\/4035"}],"wp:attachment":[{"href":"https:\/\/bbf.ba\/en\/wp-json\/wp\/v2\/media?parent=2649"}],"curies":[{"name":"wp","href":"https:\/\/api.w.org\/{rel}","templated":true}]}}