{"id":2613,"date":"2023-12-12T20:52:16","date_gmt":"2023-12-12T19:52:16","guid":{"rendered":"https:\/\/bbf.ba\/?page_id=2613"},"modified":"2025-02-22T18:24:39","modified_gmt":"2025-02-22T17:24:39","slug":"o-nama","status":"publish","type":"page","link":"https:\/\/bbf.ba\/en\/o-nama\/","title":{"rendered":"About us"},"content":{"rendered":"<p><strong>Blidinje BIKE Festival, the largest cycling festival in Bosnia and Herzegovina, is here!<\/strong><\/p>\n\n\n\n<p>Clock your pace over two killer stages, cruise through dreamy routes, and indulge in local delicacies \u2013 making the XCM Herzegovina race like no other! Will it be the 84 km route with 1,960 meters of elevation or the 53 km trail with 955 meters? You\u2019re not the type for races, high pace, and constant pressure. You prefer a leisurely ride with friends, easy cycling while exploring destinations, and tasting local delicacies. Whichever you choose, an exhilarating event awaits!<\/p>\n\n\n\n<figure class=\"wp-block-embed aligncenter is-type-video is-provider-youtube wp-block-embed-youtube wp-embed-aspect-16-9 wp-has-aspect-ratio\"><div class=\"wp-block-embed__wrapper\">\n<iframe title=\"Continental Blidinje Bike Festival - XCM Herzegovina 2024\" width=\"847\" height=\"476\" src=\"https:\/\/www.youtube.com\/embed\/dolExDq_f-Y?feature=oembed\" frameborder=\"0\" allow=\"accelerometer; autoplay; clipboard-write; encrypted-media; gyroscope; picture-in-picture; web-share\" referrerpolicy=\"strict-origin-when-cross-origin\" allowfullscreen><\/iframe>\n<\/div><\/figure>\n\n\n\n<p>The association \u201cHerzegovinaBike,\u201d in collaboration with the Mostar Cycling Club, the Cycling Federation of Bosnia and Herzegovina, and Visit Blidinje, is once again organizing the largest cycling festival in Bosnia and Herzegovina \u2013 <strong>Blidinje BIKE Festival<\/strong>. According to the organizers, this cohesion and collaboration between various associations and institutions contribute to a high-quality event organization, receiving top ratings for the fifth consecutive year.<\/p>\n\n\n\n<p>In the middle of the season, when the heat is at its peak, the cycling scene heads to the mountains to test their skills at the Blidinje BIKE Festival, traditionally held in the last week of July. Three days of events in the Blidinje Nature Park focus on mountain biking, recreation, educational workshops, entertainment, and much more. Hundreds of visitors are expected, with the highlight being the MTB Marathon UCI C1 XCM Herzegovina and the XCM Balkan Championship, where professional cyclists from 20 countries will compete. Additionally, there is an exciting accompanying program, including activities for the youngest bikers on the trail, family gatherings, and a party on Saturday starting at 6:00 PM, rounding out the festival weekend with a sense of fulfillment.<\/p>\n\n\n\n<div class=\"wp-block-columns is-layout-flex wp-container-core-columns-is-layout-9d6595d7 wp-block-columns-is-layout-flex\">\n<div class=\"wp-block-column is-layout-flow wp-block-column-is-layout-flow\">\n<figure class=\"wp-block-image size-large\"><img fetchpriority=\"high\" decoding=\"async\" width=\"1024\" height=\"683\" src=\"https:\/\/bbf.ba\/wp-content\/uploads\/2023\/12\/Stazom-Ajduka-46-1024x683.jpg\" alt=\"\" class=\"wp-image-2388\" srcset=\"https:\/\/bbf.ba\/wp-content\/uploads\/2023\/12\/Stazom-Ajduka-46-1024x683.jpg 1024w, https:\/\/bbf.ba\/wp-content\/uploads\/2023\/12\/Stazom-Ajduka-46-300x200.jpg 300w, https:\/\/bbf.ba\/wp-content\/uploads\/2023\/12\/Stazom-Ajduka-46-768x512.jpg 768w, https:\/\/bbf.ba\/wp-content\/uploads\/2023\/12\/Stazom-Ajduka-46-770x513.jpg 770w, https:\/\/bbf.ba\/wp-content\/uploads\/2023\/12\/Stazom-Ajduka-46.jpg 1200w\" sizes=\"(max-width: 1024px) 100vw, 1024px\" \/><\/figure>\n<\/div>\n\n\n\n<div class=\"wp-block-column is-layout-flow wp-block-column-is-layout-flow\">\n<figure class=\"wp-block-image size-large\"><img decoding=\"async\" width=\"1024\" height=\"686\" src=\"https:\/\/bbf.ba\/wp-content\/uploads\/2023\/12\/XCM-Herzegovina-47-1024x686.jpg\" alt=\"\" class=\"wp-image-2272\" srcset=\"https:\/\/bbf.ba\/wp-content\/uploads\/2023\/12\/XCM-Herzegovina-47-1024x686.jpg 1024w, https:\/\/bbf.ba\/wp-content\/uploads\/2023\/12\/XCM-Herzegovina-47-300x201.jpg 300w, https:\/\/bbf.ba\/wp-content\/uploads\/2023\/12\/XCM-Herzegovina-47-768x515.jpg 768w, https:\/\/bbf.ba\/wp-content\/uploads\/2023\/12\/XCM-Herzegovina-47-770x516.jpg 770w, https:\/\/bbf.ba\/wp-content\/uploads\/2023\/12\/XCM-Herzegovina-47.jpg 1200w\" sizes=\"(max-width: 1024px) 100vw, 1024px\" \/><\/figure>\n<\/div>\n<\/div>\n\n\n\n<p>The Blidinje BIKE Festival traditionally starts the last week of July, and this year is no exception. Over three days of events, from Friday to Sunday, numerous visitors will have access to an exciting program. This year, the entire three-day program will be centered around cycling, including recreational rides, education for young bikers, family-friendly gatherings, and the action of professionals participating in the MTB marathon UCI C1 XCM Herzegovina, as well as the Balkan Championship featuring National Teams from 12 countries. Recreational visitors can look forward to a new bike ride route, which includes exploring famous Blidinje destinations, cycling around the lake, and visiting two renowned hospitality venues with a taste of local dishes.<\/p>\n\n\n\n<p><strong>And for the professionals, a special challenge awaits on the spectacular marathon track!<\/strong><\/p>\n\n\n\n<figure class=\"wp-block-image aligncenter size-large\"><img decoding=\"async\" width=\"1024\" height=\"486\" src=\"https:\/\/bbf.ba\/wp-content\/uploads\/2023\/12\/229877832_1935541523286165_2782523531273312957_n-e1702142147103-1024x486.jpeg\" alt=\"\" class=\"wp-image-1377\" srcset=\"https:\/\/bbf.ba\/wp-content\/uploads\/2023\/12\/229877832_1935541523286165_2782523531273312957_n-e1702142147103-1024x486.jpeg 1024w, https:\/\/bbf.ba\/wp-content\/uploads\/2023\/12\/229877832_1935541523286165_2782523531273312957_n-e1702142147103-300x142.jpeg 300w, https:\/\/bbf.ba\/wp-content\/uploads\/2023\/12\/229877832_1935541523286165_2782523531273312957_n-e1702142147103-768x365.jpeg 768w, https:\/\/bbf.ba\/wp-content\/uploads\/2023\/12\/229877832_1935541523286165_2782523531273312957_n-e1702142147103-770x366.jpeg 770w, https:\/\/bbf.ba\/wp-content\/uploads\/2023\/12\/229877832_1935541523286165_2782523531273312957_n-e1702142147103.jpeg 1350w\" sizes=\"(max-width: 1024px) 100vw, 1024px\" \/><\/figure>\n\n\n\n<p>For the first time at the Blidinje Bike Festival, dive into the thrilling XCM Herzegovina race \u2013 which this year holds the UCI Class 1 ranking and includes the Balkan Championship race \u2013 and immerse yourself in pure Herzegovinian vibes and genuine natural wonders. We\u2019re gearing up for about 200 participants ready to choose their challenge. Pedal between the mountains Vran and \u010cvrsnica, and past the serene Blidinje lake and quaint picturesque villages. And here\u2019s the cherry on top for this race: ditch the usual pit stops! At several parts of the trail, a gourmet refreshment stand packed with refreshments awaits. Revel in our shared passion for biking! <strong>Enjoy our common passion for cycling!<\/strong><\/p>\n\n\n\n<h2 class=\"wp-block-heading\" id=\"h-program\"><strong>PROGRAM:<\/strong><\/h2>\n\n\n\n<p><strong>Friday, July 25, 2025:<\/strong><\/p>\n\n\n\n<p>The program kicks off on Friday with the opening of the race and team office, where National Teams, teams, and participants can pick up their race packages, check into accommodation, and start exploring and getting to know Blidinje Nature Park. This is followed by a Gala dinner for sponsors and project friends, as well as a project presentation to all participants during the Gala dinner. It is important to mention that the entire team involved in organizing the project will already be on Blidinje from Friday, preparing everything for the next two days.<\/p>\n\n\n\n<figure class=\"wp-block-image aligncenter size-large\"><img loading=\"lazy\" decoding=\"async\" width=\"1024\" height=\"683\" src=\"https:\/\/bbf.ba\/wp-content\/uploads\/2023\/12\/244397675_3144191729144771_8593356729246279249_n-1024x683.jpeg\" alt=\"\" class=\"wp-image-1367\" srcset=\"https:\/\/bbf.ba\/wp-content\/uploads\/2023\/12\/244397675_3144191729144771_8593356729246279249_n-1024x683.jpeg 1024w, https:\/\/bbf.ba\/wp-content\/uploads\/2023\/12\/244397675_3144191729144771_8593356729246279249_n-300x200.jpeg 300w, https:\/\/bbf.ba\/wp-content\/uploads\/2023\/12\/244397675_3144191729144771_8593356729246279249_n-768x512.jpeg 768w, https:\/\/bbf.ba\/wp-content\/uploads\/2023\/12\/244397675_3144191729144771_8593356729246279249_n-1536x1024.jpeg 1536w, https:\/\/bbf.ba\/wp-content\/uploads\/2023\/12\/244397675_3144191729144771_8593356729246279249_n-770x513.jpeg 770w, https:\/\/bbf.ba\/wp-content\/uploads\/2023\/12\/244397675_3144191729144771_8593356729246279249_n.jpeg 1854w\" sizes=\"(max-width: 1024px) 100vw, 1024px\" \/><\/figure>\n\n\n\n<hr class=\"wp-block-separator has-alpha-channel-opacity\"\/>\n\n\n\n<p><strong>Saturday, July 26, 2025:<\/strong><\/p>\n\n\n\n<p>Saturday traditionally gathers cyclists around the recreational bike ride \u201cTrail of the Hajduk,\u201d including the youngest participants of this event, namely entire families who enjoy a well-organized program during the weekend in the Blidinje Nature Park. The recreational bike ride in this year will undergo slight changes in the trail, and besides the usual visit to famous Blidinje destinations and a ride around the lake, we have added a visit to two renowned catering establishments with a tasting of local dishes: <strong><a href=\"https:\/\/www.vrleti.com\/\" target=\"_blank\" rel=\"noreferrer noopener\">Hajdu\u010dke vrleti Blidinje<\/a><\/strong> and <strong><a href=\"https:\/\/www.facebook.com\/motelrisovac\/\" target=\"_blank\" rel=\"noreferrer noopener\">restaurant Risovac<\/a><\/strong> will prepare an outdoor buffet with local Blidinje delicacies for all participants. Right after the bike ride, a presentation of National Teams participating in the Balkan Championship will take place in front of the Blidinje SKI center. The day will conclude with a DJ party and cocktail event at the Staza restaurant starting at 6:00 PM.<\/p>\n\n\n\n<div class=\"wp-block-columns is-layout-flex wp-container-core-columns-is-layout-9d6595d7 wp-block-columns-is-layout-flex\">\n<div class=\"wp-block-column is-layout-flow wp-block-column-is-layout-flow\">\n<figure class=\"wp-block-image size-large\"><img loading=\"lazy\" decoding=\"async\" width=\"1024\" height=\"683\" src=\"https:\/\/bbf.ba\/wp-content\/uploads\/2023\/12\/Stazom-Ajduka-41-1024x683.jpg\" alt=\"\" class=\"wp-image-2383\" srcset=\"https:\/\/bbf.ba\/wp-content\/uploads\/2023\/12\/Stazom-Ajduka-41-1024x683.jpg 1024w, https:\/\/bbf.ba\/wp-content\/uploads\/2023\/12\/Stazom-Ajduka-41-300x200.jpg 300w, https:\/\/bbf.ba\/wp-content\/uploads\/2023\/12\/Stazom-Ajduka-41-768x512.jpg 768w, https:\/\/bbf.ba\/wp-content\/uploads\/2023\/12\/Stazom-Ajduka-41-770x513.jpg 770w, https:\/\/bbf.ba\/wp-content\/uploads\/2023\/12\/Stazom-Ajduka-41.jpg 1200w\" sizes=\"(max-width: 1024px) 100vw, 1024px\" \/><\/figure>\n<\/div>\n\n\n\n<div class=\"wp-block-column is-layout-flow wp-block-column-is-layout-flow\">\n<figure class=\"wp-block-image size-large\"><img loading=\"lazy\" decoding=\"async\" width=\"1024\" height=\"683\" src=\"https:\/\/bbf.ba\/wp-content\/uploads\/2023\/12\/Stazom-Ajduka-45-1024x683.jpg\" alt=\"\" class=\"wp-image-2387\" srcset=\"https:\/\/bbf.ba\/wp-content\/uploads\/2023\/12\/Stazom-Ajduka-45-1024x683.jpg 1024w, https:\/\/bbf.ba\/wp-content\/uploads\/2023\/12\/Stazom-Ajduka-45-300x200.jpg 300w, https:\/\/bbf.ba\/wp-content\/uploads\/2023\/12\/Stazom-Ajduka-45-768x512.jpg 768w, https:\/\/bbf.ba\/wp-content\/uploads\/2023\/12\/Stazom-Ajduka-45-770x513.jpg 770w, https:\/\/bbf.ba\/wp-content\/uploads\/2023\/12\/Stazom-Ajduka-45.jpg 1200w\" sizes=\"(max-width: 1024px) 100vw, 1024px\" \/><\/figure>\n<\/div>\n<\/div>\n\n\n\n<hr class=\"wp-block-separator has-alpha-channel-opacity\"\/>\n\n\n\n<p><strong>Sunday; July 28, 2024:<\/strong><\/p>\n\n\n\n<p>Sunday is marked by the professional MTB race UCI C1 XCM Herzegovina and the Balkan Championship, but we must not forget the \u201cXCM Herzegovina\u201d race, which is ridden on the short trail and is once again scored for the Premier League of BiH. Blidinje BIKE Festival will gather the best mountain bikers from 20 countries this year as well. <strong>Two routes are available to event participants:<\/strong><\/p>\n\n\n\n<ol class=\"wp-block-list\">\n<li><strong>UCI C1 XCM Herzegovina and the Balkan Championship<\/strong> (for Elite and Masters categories): This race is on the long trail, covering a distance of 84 km with a 1,960 meters ascent.<\/li>\n\n\n\n<li><strong>XCM Herzegovina<\/strong>: This race is on the short trail, covering a distance of 52 km with a 950 meters ascent. <\/li>\n<\/ol>\n\n\n\n<p><strong>One thing is for sure \u2013 both trails will take you through the breathtaking landscapes of Blidinje.<\/strong><\/p>\n\n\n\n<p>These are just some of the juiciest news from the Bike Festival 2024. For all information, feel free to explore <a href=\"https:\/\/bbf.ba\/en\/\">our web page<\/a> where you will find all the details and the entire program. And now, you just need to start cycling with your imagination. The long-awaited cycling event in Bosnia and Herzegovina will soon become a reality in the Blidinje Nature Park!<\/p>\n\n\n\n<figure class=\"wp-block-embed aligncenter is-type-video is-provider-youtube wp-block-embed-youtube wp-embed-aspect-16-9 wp-has-aspect-ratio\"><div class=\"wp-block-embed__wrapper\">\n<iframe title=\"XCM Herzegovina 2023\" width=\"847\" height=\"476\" src=\"https:\/\/www.youtube.com\/embed\/qCff0hSgxHk?feature=oembed\" frameborder=\"0\" allow=\"accelerometer; autoplay; clipboard-write; encrypted-media; gyroscope; picture-in-picture; web-share\" referrerpolicy=\"strict-origin-when-cross-origin\" allowfullscreen><\/iframe>\n<\/div><\/figure>","protected":false},"excerpt":{"rendered":"<p>Blidinje BIKE Festival, najve\u0107i biciklisti\u010dki festival u Bosni i Hercegovini, je ovdje! Nabijajte svoj tempo u jednoj dvije zahtjevne etape, krstarite kroz sanjive rute i u\u017eivajte u lokalnim delikatesama &#8211; to je ono \u0161to \u010dini utrku XCM Herzegovina jedinstvenom! Na izboru imamo dvije staze \ud83d\udc49 mo\u017eete se odlu\u010diti za stazu od 84 km s usponom od 1.960 metara ili stazu od 53 km s 955 metara!? Niste tip za utrke,[&hellip;]<\/p>\n","protected":false},"author":2,"featured_media":0,"parent":0,"menu_order":0,"comment_status":"closed","ping_status":"closed","template":"","meta":{"_acf_changed":false,"footnotes":""},"class_list":["post-2613","page","type-page","status-publish","hentry"],"acf":[],"yoast_head":"<!-- This site is optimized with the Yoast SEO Premium plugin v21.7 (Yoast SEO v27.3) - https:\/\/yoast.com\/product\/yoast-seo-premium-wordpress\/ -->\n<title>O nama - Blidinje BIKE Festival<\/title>\n<meta name=\"description\" content=\"Nabijajte svoj tempo u jednoj dvije zahtjevne etape, krstarite kroz sanjive rute i u\u017eivajte u lokalnim delikatesama - to je ono \u0161to \u010dini ...\" \/>\n<meta name=\"robots\" content=\"index, follow, max-snippet:-1, max-image-preview:large, max-video-preview:-1\" \/>\n<link rel=\"canonical\" href=\"https:\/\/bbf.ba\/en\/o-nama\/\" \/>\n<meta property=\"og:locale\" content=\"en_US\" \/>\n<meta property=\"og:type\" content=\"article\" \/>\n<meta property=\"og:title\" content=\"O nama\" \/>\n<meta property=\"og:description\" content=\"Nabijajte svoj tempo u jednoj dvije zahtjevne etape, krstarite kroz sanjive rute i u\u017eivajte u lokalnim delikatesama - to je ono \u0161to \u010dini ...\" \/>\n<meta property=\"og:url\" content=\"https:\/\/bbf.ba\/en\/o-nama\/\" \/>\n<meta property=\"og:site_name\" content=\"Blidinje BIKE Festival\" \/>\n<meta property=\"article:modified_time\" content=\"2025-02-22T17:24:39+00:00\" \/>\n<meta property=\"og:image\" content=\"https:\/\/bbf.ba\/wp-content\/uploads\/2023\/12\/Stazom-Ajduka-46-1024x683.jpg\" \/>\n<meta name=\"twitter:card\" content=\"summary_large_image\" \/>\n<meta name=\"twitter:label1\" content=\"Est. reading time\" \/>\n\t<meta name=\"twitter:data1\" content=\"6 minutes\" \/>\n<script type=\"application\/ld+json\" class=\"yoast-schema-graph\">{\"@context\":\"https:\\\/\\\/schema.org\",\"@graph\":[{\"@type\":\"WebPage\",\"@id\":\"https:\\\/\\\/bbf.ba\\\/o-nama\\\/\",\"url\":\"https:\\\/\\\/bbf.ba\\\/o-nama\\\/\",\"name\":\"O nama - Blidinje BIKE Festival\",\"isPartOf\":{\"@id\":\"https:\\\/\\\/bbf.ba\\\/#website\"},\"primaryImageOfPage\":{\"@id\":\"https:\\\/\\\/bbf.ba\\\/o-nama\\\/#primaryimage\"},\"image\":{\"@id\":\"https:\\\/\\\/bbf.ba\\\/o-nama\\\/#primaryimage\"},\"thumbnailUrl\":\"https:\\\/\\\/bbf.ba\\\/wp-content\\\/uploads\\\/2023\\\/12\\\/Stazom-Ajduka-46-1024x683.jpg\",\"datePublished\":\"2023-12-12T19:52:16+00:00\",\"dateModified\":\"2025-02-22T17:24:39+00:00\",\"description\":\"Nabijajte svoj tempo u jednoj dvije zahtjevne etape, krstarite kroz sanjive rute i u\u017eivajte u lokalnim delikatesama - to je ono \u0161to \u010dini ...\",\"breadcrumb\":{\"@id\":\"https:\\\/\\\/bbf.ba\\\/o-nama\\\/#breadcrumb\"},\"inLanguage\":\"en-US\",\"potentialAction\":[{\"@type\":\"ReadAction\",\"target\":[\"https:\\\/\\\/bbf.ba\\\/o-nama\\\/\"]}]},{\"@type\":\"ImageObject\",\"inLanguage\":\"en-US\",\"@id\":\"https:\\\/\\\/bbf.ba\\\/o-nama\\\/#primaryimage\",\"url\":\"https:\\\/\\\/bbf.ba\\\/wp-content\\\/uploads\\\/2023\\\/12\\\/Stazom-Ajduka-46-1024x683.jpg\",\"contentUrl\":\"https:\\\/\\\/bbf.ba\\\/wp-content\\\/uploads\\\/2023\\\/12\\\/Stazom-Ajduka-46-1024x683.jpg\"},{\"@type\":\"BreadcrumbList\",\"@id\":\"https:\\\/\\\/bbf.ba\\\/o-nama\\\/#breadcrumb\",\"itemListElement\":[{\"@type\":\"ListItem\",\"position\":1,\"name\":\"Home\",\"item\":\"https:\\\/\\\/bbf.ba\\\/\"},{\"@type\":\"ListItem\",\"position\":2,\"name\":\"O nama\"}]},{\"@type\":\"WebSite\",\"@id\":\"https:\\\/\\\/bbf.ba\\\/#website\",\"url\":\"https:\\\/\\\/bbf.ba\\\/\",\"name\":\"Blidinje BIKE Festival\",\"description\":\"\",\"publisher\":{\"@id\":\"https:\\\/\\\/bbf.ba\\\/#organization\"},\"potentialAction\":[{\"@type\":\"SearchAction\",\"target\":{\"@type\":\"EntryPoint\",\"urlTemplate\":\"https:\\\/\\\/bbf.ba\\\/?s={search_term_string}\"},\"query-input\":{\"@type\":\"PropertyValueSpecification\",\"valueRequired\":true,\"valueName\":\"search_term_string\"}}],\"inLanguage\":\"en-US\"},{\"@type\":\"Organization\",\"@id\":\"https:\\\/\\\/bbf.ba\\\/#organization\",\"name\":\"Blidinje BIKE Festival\",\"url\":\"https:\\\/\\\/bbf.ba\\\/\",\"logo\":{\"@type\":\"ImageObject\",\"inLanguage\":\"en-US\",\"@id\":\"https:\\\/\\\/bbf.ba\\\/#\\\/schema\\\/logo\\\/image\\\/\",\"url\":\"https:\\\/\\\/bbf.ba\\\/wp-content\\\/uploads\\\/2023\\\/11\\\/cropped-Logo-plavi-transparent-BBF.png\",\"contentUrl\":\"https:\\\/\\\/bbf.ba\\\/wp-content\\\/uploads\\\/2023\\\/11\\\/cropped-Logo-plavi-transparent-BBF.png\",\"width\":512,\"height\":512,\"caption\":\"Blidinje BIKE Festival\"},\"image\":{\"@id\":\"https:\\\/\\\/bbf.ba\\\/#\\\/schema\\\/logo\\\/image\\\/\"}}]}<\/script>\n<!-- \/ Yoast SEO Premium plugin. -->","yoast_head_json":{"title":"O nama - Blidinje BIKE Festival","description":"Nabijajte svoj tempo u jednoj dvije zahtjevne etape, krstarite kroz sanjive rute i u\u017eivajte u lokalnim delikatesama - to je ono \u0161to \u010dini ...","robots":{"index":"index","follow":"follow","max-snippet":"max-snippet:-1","max-image-preview":"max-image-preview:large","max-video-preview":"max-video-preview:-1"},"canonical":"https:\/\/bbf.ba\/en\/o-nama\/","og_locale":"en_US","og_type":"article","og_title":"O nama","og_description":"Nabijajte svoj tempo u jednoj dvije zahtjevne etape, krstarite kroz sanjive rute i u\u017eivajte u lokalnim delikatesama - to je ono \u0161to \u010dini ...","og_url":"https:\/\/bbf.ba\/en\/o-nama\/","og_site_name":"Blidinje BIKE Festival","article_modified_time":"2025-02-22T17:24:39+00:00","og_image":[{"url":"https:\/\/bbf.ba\/wp-content\/uploads\/2023\/12\/Stazom-Ajduka-46-1024x683.jpg","type":"","width":"","height":""}],"twitter_card":"summary_large_image","twitter_misc":{"Est. reading time":"6 minutes"},"schema":{"@context":"https:\/\/schema.org","@graph":[{"@type":"WebPage","@id":"https:\/\/bbf.ba\/o-nama\/","url":"https:\/\/bbf.ba\/o-nama\/","name":"O nama - Blidinje BIKE Festival","isPartOf":{"@id":"https:\/\/bbf.ba\/#website"},"primaryImageOfPage":{"@id":"https:\/\/bbf.ba\/o-nama\/#primaryimage"},"image":{"@id":"https:\/\/bbf.ba\/o-nama\/#primaryimage"},"thumbnailUrl":"https:\/\/bbf.ba\/wp-content\/uploads\/2023\/12\/Stazom-Ajduka-46-1024x683.jpg","datePublished":"2023-12-12T19:52:16+00:00","dateModified":"2025-02-22T17:24:39+00:00","description":"Nabijajte svoj tempo u jednoj dvije zahtjevne etape, krstarite kroz sanjive rute i u\u017eivajte u lokalnim delikatesama - to je ono \u0161to \u010dini ...","breadcrumb":{"@id":"https:\/\/bbf.ba\/o-nama\/#breadcrumb"},"inLanguage":"en-US","potentialAction":[{"@type":"ReadAction","target":["https:\/\/bbf.ba\/o-nama\/"]}]},{"@type":"ImageObject","inLanguage":"en-US","@id":"https:\/\/bbf.ba\/o-nama\/#primaryimage","url":"https:\/\/bbf.ba\/wp-content\/uploads\/2023\/12\/Stazom-Ajduka-46-1024x683.jpg","contentUrl":"https:\/\/bbf.ba\/wp-content\/uploads\/2023\/12\/Stazom-Ajduka-46-1024x683.jpg"},{"@type":"BreadcrumbList","@id":"https:\/\/bbf.ba\/o-nama\/#breadcrumb","itemListElement":[{"@type":"ListItem","position":1,"name":"Home","item":"https:\/\/bbf.ba\/"},{"@type":"ListItem","position":2,"name":"O nama"}]},{"@type":"WebSite","@id":"https:\/\/bbf.ba\/#website","url":"https:\/\/bbf.ba\/","name":"Blidinje BIKE Festival","description":"","publisher":{"@id":"https:\/\/bbf.ba\/#organization"},"potentialAction":[{"@type":"SearchAction","target":{"@type":"EntryPoint","urlTemplate":"https:\/\/bbf.ba\/?s={search_term_string}"},"query-input":{"@type":"PropertyValueSpecification","valueRequired":true,"valueName":"search_term_string"}}],"inLanguage":"en-US"},{"@type":"Organization","@id":"https:\/\/bbf.ba\/#organization","name":"Blidinje BIKE Festival","url":"https:\/\/bbf.ba\/","logo":{"@type":"ImageObject","inLanguage":"en-US","@id":"https:\/\/bbf.ba\/#\/schema\/logo\/image\/","url":"https:\/\/bbf.ba\/wp-content\/uploads\/2023\/11\/cropped-Logo-plavi-transparent-BBF.png","contentUrl":"https:\/\/bbf.ba\/wp-content\/uploads\/2023\/11\/cropped-Logo-plavi-transparent-BBF.png","width":512,"height":512,"caption":"Blidinje BIKE Festival"},"image":{"@id":"https:\/\/bbf.ba\/#\/schema\/logo\/image\/"}}]}},"_links":{"self":[{"href":"https:\/\/bbf.ba\/en\/wp-json\/wp\/v2\/pages\/2613","targetHints":{"allow":["GET"]}}],"collection":[{"href":"https:\/\/bbf.ba\/en\/wp-json\/wp\/v2\/pages"}],"about":[{"href":"https:\/\/bbf.ba\/en\/wp-json\/wp\/v2\/types\/page"}],"author":[{"embeddable":true,"href":"https:\/\/bbf.ba\/en\/wp-json\/wp\/v2\/users\/2"}],"replies":[{"embeddable":true,"href":"https:\/\/bbf.ba\/en\/wp-json\/wp\/v2\/comments?post=2613"}],"version-history":[{"count":20,"href":"https:\/\/bbf.ba\/en\/wp-json\/wp\/v2\/pages\/2613\/revisions"}],"predecessor-version":[{"id":4926,"href":"https:\/\/bbf.ba\/en\/wp-json\/wp\/v2\/pages\/2613\/revisions\/4926"}],"wp:attachment":[{"href":"https:\/\/bbf.ba\/en\/wp-json\/wp\/v2\/media?parent=2613"}],"curies":[{"name":"wp","href":"https:\/\/api.w.org\/{rel}","templated":true}]}}