{"id":2033,"date":"2023-12-11T21:03:00","date_gmt":"2023-12-11T20:03:00","guid":{"rendered":"https:\/\/bbf.ba\/?page_id=2033"},"modified":"2023-12-12T14:07:33","modified_gmt":"2023-12-12T13:07:33","slug":"novosti","status":"publish","type":"page","link":"https:\/\/bbf.ba\/en\/novosti\/","title":{"rendered":"News"},"content":{"rendered":"\t\t<div data-elementor-type=\"wp-page\" data-elementor-id=\"2033\" class=\"elementor elementor-2033\" data-elementor-post-type=\"page\">\n\t\t\t\t\t\t<section class=\"elementor-section elementor-top-section elementor-element elementor-element-f4f41c0 dsvy-col-stretched-none dsvy-bg-color-over-image elementor-section-boxed elementor-section-height-default elementor-section-height-default\" data-id=\"f4f41c0\" data-element_type=\"section\" data-e-type=\"section\">\n\t\t\t\t\t\t<div class=\"elementor-container elementor-column-gap-default\">\n\t\t\t\t\t<div class=\"elementor-column elementor-col-100 elementor-top-column elementor-element elementor-element-2ecca01 dsvy-bg-color-over-image\" data-id=\"2ecca01\" data-element_type=\"column\" data-e-type=\"column\">\n\t\t\t<div class=\"elementor-widget-wrap elementor-element-populated\">\n\t\t\t\t\t\t<div class=\"elementor-element elementor-element-43acc09 dsvy-align-left elementor-widget elementor-widget-dsvy_blog_element\" data-id=\"43acc09\" data-element_type=\"widget\" data-e-type=\"widget\" data-widget_type=\"dsvy_blog_element.default\">\n\t\t\t\t<div class=\"elementor-widget-container\">\n\t\t\t\t\t\r\n\t\t<div class=\"designervily-element designervily-element-blog dsvy-element-blog-style-2 designervily-element-viewtype-row-column designervily-gap-15px dsvy-infinite-scroll-no dsvy-infinite-scroll-button-no\" data-cpt=\"blog\" data-totalpagination=\"2\" data-style=\"2\" data-show=\"8\" data-columns=\"2\" data-loop=\"false\" data-autoplay=\"false\" data-center=\"false\" data-nav=\"false\" data-dots=\"false\" data-autoplayspeed=\"1000\" data-margin=\"15px\"><div class=\"designervily-element-inner\"><div class=\"dsvy-infinite-scroll-data\">{\"cpt\":\"blog\",\"style\":\"2\",\"columns\":\"2\",\"show\":8,\"from_category\":[\"news\"],\"order\":\"DESC\",\"orderby\":\"date\"}<\/div>\t\t\t\t<div class=\"dsvy-ele-header-area\">\r\n\t\t\t\t\t\t<div class=\"dsvy-heading-subheading left-align \"><\/div>\t\t\t\t<\/div>\r\n\t\t\t\t\r\n\t\t\t\t\r\n\t\t\t<div class=\"dsvy-element-posts-wrapper row multi-columns-row\">\r\n\r\n\t\t\t<article class=\"dsvy-ele dsvy-ele-blog dsvy-blog-style-2 col-md-6 news dsvy-odd dsvy-col-odd\"><div class=\"post-item\">\r\n\t<div class=\"dsvy-featured-container\">\t\t\r\n\t\t<div class=\"dsvy-featured-wrapper\"><a href=\"https:\/\/bbf.ba\/en\/oakley-i-herzegovinabike-promocija-biciklizma-kao-sporta-i-odrzivog-turizma-u-bosni-i-hercegovini\/\"><img fetchpriority=\"high\" decoding=\"async\" width=\"770\" height=\"520\" src=\"https:\/\/bbf.ba\/wp-content\/uploads\/2025\/05\/Oakley-BBF-slika-naslovna-770x520.jpg\" class=\"attachment-dsvy-img-770x520 size-dsvy-img-770x520 wp-post-image\" alt=\"\" srcset=\"https:\/\/bbf.ba\/wp-content\/uploads\/2025\/05\/Oakley-BBF-slika-naslovna-770x520.jpg 770w, https:\/\/bbf.ba\/wp-content\/uploads\/2025\/05\/Oakley-BBF-slika-naslovna-18x12.jpg 18w\" sizes=\"(max-width: 770px) 100vw, 770px\" \/><\/a><\/div>\t\r\n\t\t<div class=\"dsvy-meta-date-wrapper\">\t\t\t\t\t\r\n\t\t\t\t<span>May 27, 2025<\/span> \r\n\t\t<\/div>\t\t\r\n\t<\/div>\r\n\t<div class=\"designervily-box-content\">\t\r\n\t<div class=\"dsvy-meta-container\">\r\n\t\t\t<div class=\"dsvy-meta-author-wrapper dsvy-meta-line\">\t\t\t\t\t\r\n\t\t\t\t<a href=\"https:\/\/bbf.ba\/en\/author\/toni\/\" title=\"Posted by Herzegovina Bike\" rel=\"author\"><i class=\"dsvy-base-icon-user-1\"><\/i> by Herzegovina Bike<\/a>\r\n\t\t\t<\/div>\t\t\t\t\t\t\t\r\n\t\t\t\t\t<\/div>\r\n\t\t<h3 class=\"dsvy-post-title\"><a href=\"https:\/\/bbf.ba\/en\/oakley-i-herzegovinabike-promocija-biciklizma-kao-sporta-i-odrzivog-turizma-u-bosni-i-hercegovini\/\">Oakley i HerzegovinaBike: Promocija biciklizma kao sporta i odr\u017eivog turizma u Bosni i Hercegovini<\/a><\/h3>\r\n\t\t<div class=\"dsvy-service-btn\"> \r\n\t\t\t<a class=\"btn-arrow\" href=\"https:\/\/bbf.ba\/en\/oakley-i-herzegovinabike-promocija-biciklizma-kao-sporta-i-odrzivog-turizma-u-bosni-i-hercegovini\/\">ReadMore<\/a>\r\n\t\t<\/div>\r\n\t<\/div>\r\n<\/div><\/article><article class=\"dsvy-ele dsvy-ele-blog dsvy-blog-style-2 col-md-6 news dsvy-even dsvy-col-odd\"><div class=\"post-item\">\r\n\t<div class=\"dsvy-featured-container\">\t\t\r\n\t\t<div class=\"dsvy-featured-wrapper\"><a href=\"https:\/\/bbf.ba\/en\/continental-blidinje-bike-festival-sluzbeni-datum-je-potvrden\/\"><img decoding=\"async\" width=\"770\" height=\"520\" src=\"https:\/\/bbf.ba\/wp-content\/uploads\/2025\/02\/Datum-BBF-sluzbeno-naslovna-770x520.jpg\" class=\"attachment-dsvy-img-770x520 size-dsvy-img-770x520 wp-post-image\" alt=\"\" srcset=\"https:\/\/bbf.ba\/wp-content\/uploads\/2025\/02\/Datum-BBF-sluzbeno-naslovna-770x520.jpg 770w, https:\/\/bbf.ba\/wp-content\/uploads\/2025\/02\/Datum-BBF-sluzbeno-naslovna-18x12.jpg 18w\" sizes=\"(max-width: 770px) 100vw, 770px\" \/><\/a><\/div>\t\r\n\t\t<div class=\"dsvy-meta-date-wrapper\">\t\t\t\t\t\r\n\t\t\t\t<span>February 26, 2025<\/span> \r\n\t\t<\/div>\t\t\r\n\t<\/div>\r\n\t<div class=\"designervily-box-content\">\t\r\n\t<div class=\"dsvy-meta-container\">\r\n\t\t\t<div class=\"dsvy-meta-author-wrapper dsvy-meta-line\">\t\t\t\t\t\r\n\t\t\t\t<a href=\"https:\/\/bbf.ba\/en\/author\/toni\/\" title=\"Posted by Herzegovina Bike\" rel=\"author\"><i class=\"dsvy-base-icon-user-1\"><\/i> by Herzegovina Bike<\/a>\r\n\t\t\t<\/div>\t\t\t\t\t\t\t\r\n\t\t\t\t\t<\/div>\r\n\t\t<h3 class=\"dsvy-post-title\"><a href=\"https:\/\/bbf.ba\/en\/continental-blidinje-bike-festival-sluzbeni-datum-je-potvrden\/\">CONTINENTAL BLIDINJE BIKE FESTIVAL: Slu\u017ebeni datum je potvr\u0111en!<\/a><\/h3>\r\n\t\t<div class=\"dsvy-service-btn\"> \r\n\t\t\t<a class=\"btn-arrow\" href=\"https:\/\/bbf.ba\/en\/continental-blidinje-bike-festival-sluzbeni-datum-je-potvrden\/\">ReadMore<\/a>\r\n\t\t<\/div>\r\n\t<\/div>\r\n<\/div><\/article><article class=\"dsvy-ele dsvy-ele-blog dsvy-blog-style-2 col-md-6 news dsvy-odd dsvy-col-even\"><div class=\"post-item\">\r\n\t<div class=\"dsvy-featured-container\">\t\t\r\n\t\t<div class=\"dsvy-featured-wrapper\"><a href=\"https:\/\/bbf.ba\/en\/auto-skicaolimpijski-komitet-bosne-i-hercegovine-posebni-partner-continental-blidinje-bike-festivala\/\"><img decoding=\"async\" width=\"770\" height=\"520\" src=\"https:\/\/bbf.ba\/wp-content\/uploads\/2024\/07\/OK-BiH-Blidinje-slika-naslovna-770x520.jpg\" class=\"attachment-dsvy-img-770x520 size-dsvy-img-770x520 wp-post-image\" alt=\"\" srcset=\"https:\/\/bbf.ba\/wp-content\/uploads\/2024\/07\/OK-BiH-Blidinje-slika-naslovna-770x520.jpg 770w, https:\/\/bbf.ba\/wp-content\/uploads\/2024\/07\/OK-BiH-Blidinje-slika-naslovna-18x12.jpg 18w\" sizes=\"(max-width: 770px) 100vw, 770px\" \/><\/a><\/div>\t\r\n\t\t<div class=\"dsvy-meta-date-wrapper\">\t\t\t\t\t\r\n\t\t\t\t<span>July 10, 2024<\/span> \r\n\t\t<\/div>\t\t\r\n\t<\/div>\r\n\t<div class=\"designervily-box-content\">\t\r\n\t<div class=\"dsvy-meta-container\">\r\n\t\t\t<div class=\"dsvy-meta-author-wrapper dsvy-meta-line\">\t\t\t\t\t\r\n\t\t\t\t<a href=\"https:\/\/bbf.ba\/en\/author\/toni\/\" title=\"Posted by Herzegovina Bike\" rel=\"author\"><i class=\"dsvy-base-icon-user-1\"><\/i> by Herzegovina Bike<\/a>\r\n\t\t\t<\/div>\t\t\t\t\t\t\t\r\n\t\t\t\t\t<\/div>\r\n\t\t<h3 class=\"dsvy-post-title\"><a href=\"https:\/\/bbf.ba\/en\/auto-skicaolimpijski-komitet-bosne-i-hercegovine-posebni-partner-continental-blidinje-bike-festivala\/\">Olimpijski komitet Bosne i Hercegovine posebni partner Continental Blidinje BIKE Festivala<\/a><\/h3>\r\n\t\t<div class=\"dsvy-service-btn\"> \r\n\t\t\t<a class=\"btn-arrow\" href=\"https:\/\/bbf.ba\/en\/auto-skicaolimpijski-komitet-bosne-i-hercegovine-posebni-partner-continental-blidinje-bike-festivala\/\">ReadMore<\/a>\r\n\t\t<\/div>\r\n\t<\/div>\r\n<\/div><\/article><article class=\"dsvy-ele dsvy-ele-blog dsvy-blog-style-2 col-md-6 news dsvy-even dsvy-col-even\"><div class=\"post-item\">\r\n\t<div class=\"dsvy-featured-container\">\t\t\r\n\t\t<div class=\"dsvy-featured-wrapper\"><a href=\"https:\/\/bbf.ba\/en\/continental-blidinje-bike-festival-sto-nas-ocekuje\/\"><img loading=\"lazy\" decoding=\"async\" width=\"770\" height=\"520\" src=\"https:\/\/bbf.ba\/wp-content\/uploads\/2024\/07\/Continental-BBF-002-770x520.jpeg\" class=\"attachment-dsvy-img-770x520 size-dsvy-img-770x520 wp-post-image\" alt=\"\" srcset=\"https:\/\/bbf.ba\/wp-content\/uploads\/2024\/07\/Continental-BBF-002-770x520.jpeg 770w, https:\/\/bbf.ba\/wp-content\/uploads\/2024\/07\/Continental-BBF-002-18x12.jpeg 18w\" sizes=\"(max-width: 770px) 100vw, 770px\" \/><\/a><\/div>\t\r\n\t\t<div class=\"dsvy-meta-date-wrapper\">\t\t\t\t\t\r\n\t\t\t\t<span>July 09, 2024<\/span> \r\n\t\t<\/div>\t\t\r\n\t<\/div>\r\n\t<div class=\"designervily-box-content\">\t\r\n\t<div class=\"dsvy-meta-container\">\r\n\t\t\t<div class=\"dsvy-meta-author-wrapper dsvy-meta-line\">\t\t\t\t\t\r\n\t\t\t\t<a href=\"https:\/\/bbf.ba\/en\/author\/toni\/\" title=\"Posted by Herzegovina Bike\" rel=\"author\"><i class=\"dsvy-base-icon-user-1\"><\/i> by Herzegovina Bike<\/a>\r\n\t\t\t<\/div>\t\t\t\t\t\t\t\r\n\t\t\t\t\t<\/div>\r\n\t\t<h3 class=\"dsvy-post-title\"><a href=\"https:\/\/bbf.ba\/en\/continental-blidinje-bike-festival-sto-nas-ocekuje\/\">Continental Blidinje BIKE Festival: \u0160to nas o\u010dekuje?<\/a><\/h3>\r\n\t\t<div class=\"dsvy-service-btn\"> \r\n\t\t\t<a class=\"btn-arrow\" href=\"https:\/\/bbf.ba\/en\/continental-blidinje-bike-festival-sto-nas-ocekuje\/\">ReadMore<\/a>\r\n\t\t<\/div>\r\n\t<\/div>\r\n<\/div><\/article><article class=\"dsvy-ele dsvy-ele-blog dsvy-blog-style-2 col-md-6 news dsvy-odd dsvy-col-odd\"><div class=\"post-item\">\r\n\t<div class=\"dsvy-featured-container\">\t\t\r\n\t\t<div class=\"dsvy-featured-wrapper\"><a href=\"https:\/\/bbf.ba\/en\/oakley-stao-uz-blidinje-bike-festival\/\"><img loading=\"lazy\" decoding=\"async\" width=\"770\" height=\"520\" src=\"https:\/\/bbf.ba\/wp-content\/uploads\/2024\/07\/Oakley-i-Bike-Festival-naslovnica-770x520.jpg\" class=\"attachment-dsvy-img-770x520 size-dsvy-img-770x520 wp-post-image\" alt=\"\" srcset=\"https:\/\/bbf.ba\/wp-content\/uploads\/2024\/07\/Oakley-i-Bike-Festival-naslovnica-770x520.jpg 770w, https:\/\/bbf.ba\/wp-content\/uploads\/2024\/07\/Oakley-i-Bike-Festival-naslovnica-18x12.jpg 18w\" sizes=\"(max-width: 770px) 100vw, 770px\" \/><\/a><\/div>\t\r\n\t\t<div class=\"dsvy-meta-date-wrapper\">\t\t\t\t\t\r\n\t\t\t\t<span>July 01, 2024<\/span> \r\n\t\t<\/div>\t\t\r\n\t<\/div>\r\n\t<div class=\"designervily-box-content\">\t\r\n\t<div class=\"dsvy-meta-container\">\r\n\t\t\t<div class=\"dsvy-meta-author-wrapper dsvy-meta-line\">\t\t\t\t\t\r\n\t\t\t\t<a href=\"https:\/\/bbf.ba\/en\/author\/toni\/\" title=\"Posted by Herzegovina Bike\" rel=\"author\"><i class=\"dsvy-base-icon-user-1\"><\/i> by Herzegovina Bike<\/a>\r\n\t\t\t<\/div>\t\t\t\t\t\t\t\r\n\t\t\t\t\t<\/div>\r\n\t\t<h3 class=\"dsvy-post-title\"><a href=\"https:\/\/bbf.ba\/en\/oakley-stao-uz-blidinje-bike-festival\/\">Oakley stao uz Blidinje BIKE Festival<\/a><\/h3>\r\n\t\t<div class=\"dsvy-service-btn\"> \r\n\t\t\t<a class=\"btn-arrow\" href=\"https:\/\/bbf.ba\/en\/oakley-stao-uz-blidinje-bike-festival\/\">ReadMore<\/a>\r\n\t\t<\/div>\r\n\t<\/div>\r\n<\/div><\/article><article class=\"dsvy-ele dsvy-ele-blog dsvy-blog-style-2 col-md-6 news dsvy-even dsvy-col-odd\"><div class=\"post-item\">\r\n\t<div class=\"dsvy-featured-container\">\t\t\r\n\t\t<div class=\"dsvy-featured-wrapper\"><a href=\"https:\/\/bbf.ba\/en\/grad-mostar-stao-uz-organizaciju-continental-blidinje-bike-festivala\/\"><img loading=\"lazy\" decoding=\"async\" width=\"770\" height=\"520\" src=\"https:\/\/bbf.ba\/wp-content\/uploads\/2024\/06\/Grad-Mostar-Blidinje-Bike-Festival-naslovna-770x520.jpg\" class=\"attachment-dsvy-img-770x520 size-dsvy-img-770x520 wp-post-image\" alt=\"\" srcset=\"https:\/\/bbf.ba\/wp-content\/uploads\/2024\/06\/Grad-Mostar-Blidinje-Bike-Festival-naslovna-770x520.jpg 770w, https:\/\/bbf.ba\/wp-content\/uploads\/2024\/06\/Grad-Mostar-Blidinje-Bike-Festival-naslovna-18x12.jpg 18w\" sizes=\"(max-width: 770px) 100vw, 770px\" \/><\/a><\/div>\t\r\n\t\t<div class=\"dsvy-meta-date-wrapper\">\t\t\t\t\t\r\n\t\t\t\t<span>June 10, 2024<\/span> \r\n\t\t<\/div>\t\t\r\n\t<\/div>\r\n\t<div class=\"designervily-box-content\">\t\r\n\t<div class=\"dsvy-meta-container\">\r\n\t\t\t<div class=\"dsvy-meta-author-wrapper dsvy-meta-line\">\t\t\t\t\t\r\n\t\t\t\t<a href=\"https:\/\/bbf.ba\/en\/author\/toni\/\" title=\"Posted by Herzegovina Bike\" rel=\"author\"><i class=\"dsvy-base-icon-user-1\"><\/i> by Herzegovina Bike<\/a>\r\n\t\t\t<\/div>\t\t\t\t\t\t\t\r\n\t\t\t\t\t<\/div>\r\n\t\t<h3 class=\"dsvy-post-title\"><a href=\"https:\/\/bbf.ba\/en\/grad-mostar-stao-uz-organizaciju-continental-blidinje-bike-festivala\/\">Grad Mostar stao uz organizaciju Continental Blidinje BIKE Festivala<\/a><\/h3>\r\n\t\t<div class=\"dsvy-service-btn\"> \r\n\t\t\t<a class=\"btn-arrow\" href=\"https:\/\/bbf.ba\/en\/grad-mostar-stao-uz-organizaciju-continental-blidinje-bike-festivala\/\">ReadMore<\/a>\r\n\t\t<\/div>\r\n\t<\/div>\r\n<\/div><\/article><article class=\"dsvy-ele dsvy-ele-blog dsvy-blog-style-2 col-md-6 news dsvy-odd dsvy-col-even\"><div class=\"post-item\">\r\n\t<div class=\"dsvy-featured-container\">\t\t\r\n\t\t<div class=\"dsvy-featured-wrapper\"><a href=\"https:\/\/bbf.ba\/en\/vlada-hnz-a-pokroviteljica-continental-blidinje-bike-festivala\/\"><img loading=\"lazy\" decoding=\"async\" width=\"770\" height=\"520\" src=\"https:\/\/bbf.ba\/wp-content\/uploads\/2024\/05\/Vlada-HNZ-BBF-1-770x520.jpg\" class=\"attachment-dsvy-img-770x520 size-dsvy-img-770x520 wp-post-image\" alt=\"\" srcset=\"https:\/\/bbf.ba\/wp-content\/uploads\/2024\/05\/Vlada-HNZ-BBF-1-770x520.jpg 770w, https:\/\/bbf.ba\/wp-content\/uploads\/2024\/05\/Vlada-HNZ-BBF-1-18x12.jpg 18w\" sizes=\"(max-width: 770px) 100vw, 770px\" \/><\/a><\/div>\t\r\n\t\t<div class=\"dsvy-meta-date-wrapper\">\t\t\t\t\t\r\n\t\t\t\t<span>May 28, 2024<\/span> \r\n\t\t<\/div>\t\t\r\n\t<\/div>\r\n\t<div class=\"designervily-box-content\">\t\r\n\t<div class=\"dsvy-meta-container\">\r\n\t\t\t<div class=\"dsvy-meta-author-wrapper dsvy-meta-line\">\t\t\t\t\t\r\n\t\t\t\t<a href=\"https:\/\/bbf.ba\/en\/author\/toni\/\" title=\"Posted by Herzegovina Bike\" rel=\"author\"><i class=\"dsvy-base-icon-user-1\"><\/i> by Herzegovina Bike<\/a>\r\n\t\t\t<\/div>\t\t\t\t\t\t\t\r\n\t\t\t\t\t<\/div>\r\n\t\t<h3 class=\"dsvy-post-title\"><a href=\"https:\/\/bbf.ba\/en\/vlada-hnz-a-pokroviteljica-continental-blidinje-bike-festivala\/\">Vlada HN\u017d-a pokroviteljica Continental Blidinje BIKE Festivala<\/a><\/h3>\r\n\t\t<div class=\"dsvy-service-btn\"> \r\n\t\t\t<a class=\"btn-arrow\" href=\"https:\/\/bbf.ba\/en\/vlada-hnz-a-pokroviteljica-continental-blidinje-bike-festivala\/\">ReadMore<\/a>\r\n\t\t<\/div>\r\n\t<\/div>\r\n<\/div><\/article><article class=\"dsvy-ele dsvy-ele-blog dsvy-blog-style-2 col-md-6 news dsvy-even dsvy-col-even\"><div class=\"post-item\">\r\n\t<div class=\"dsvy-featured-container\">\t\t\r\n\t\t<div class=\"dsvy-featured-wrapper\"><a href=\"https:\/\/bbf.ba\/en\/opcina-posusje-podrzala-organizaciju-blidinje-bike-festivala-proslava-kulture-prirode-i-sporta\/\"><img loading=\"lazy\" decoding=\"async\" width=\"770\" height=\"520\" src=\"https:\/\/bbf.ba\/wp-content\/uploads\/2024\/05\/Opcina-Posusje-i-BBF-slika-3-770x520.jpg\" class=\"attachment-dsvy-img-770x520 size-dsvy-img-770x520 wp-post-image\" alt=\"\" srcset=\"https:\/\/bbf.ba\/wp-content\/uploads\/2024\/05\/Opcina-Posusje-i-BBF-slika-3-770x520.jpg 770w, https:\/\/bbf.ba\/wp-content\/uploads\/2024\/05\/Opcina-Posusje-i-BBF-slika-3-18x12.jpg 18w\" sizes=\"(max-width: 770px) 100vw, 770px\" \/><\/a><\/div>\t\r\n\t\t<div class=\"dsvy-meta-date-wrapper\">\t\t\t\t\t\r\n\t\t\t\t<span>May 15, 2024<\/span> \r\n\t\t<\/div>\t\t\r\n\t<\/div>\r\n\t<div class=\"designervily-box-content\">\t\r\n\t<div class=\"dsvy-meta-container\">\r\n\t\t\t<div class=\"dsvy-meta-author-wrapper dsvy-meta-line\">\t\t\t\t\t\r\n\t\t\t\t<a href=\"https:\/\/bbf.ba\/en\/author\/toni\/\" title=\"Posted by Herzegovina Bike\" rel=\"author\"><i class=\"dsvy-base-icon-user-1\"><\/i> by Herzegovina Bike<\/a>\r\n\t\t\t<\/div>\t\t\t\t\t\t\t\r\n\t\t\t\t\t<\/div>\r\n\t\t<h3 class=\"dsvy-post-title\"><a href=\"https:\/\/bbf.ba\/en\/opcina-posusje-podrzala-organizaciju-blidinje-bike-festivala-proslava-kulture-prirode-i-sporta\/\">Op\u0107ina Posu\u0161je podr\u017eala organizaciju Blidinje BIKE Festivala: Proslava kulture, prirode i sporta<\/a><\/h3>\r\n\t\t<div class=\"dsvy-service-btn\"> \r\n\t\t\t<a class=\"btn-arrow\" href=\"https:\/\/bbf.ba\/en\/opcina-posusje-podrzala-organizaciju-blidinje-bike-festivala-proslava-kulture-prirode-i-sporta\/\">ReadMore<\/a>\r\n\t\t<\/div>\r\n\t<\/div>\r\n<\/div><\/article>\r\n\t\t\t<\/div> <!-- .dsvy-element-posts-wrapper -->\r\n\r\n\t\t\t\r\n\t\t\t\r\n\t\t\t<div class=\"clearfix\"><\/div><div class=\"dsvy-pagination\"><div class=\"nav-links\"><span class=\"page-numbers current\">1<\/span>\n<a class=\"page-numbers\" href=\"https:\/\/bbf.ba\/en\/wp-json\/wp\/v2\/pages\/2033\/page\/2\/\">2<\/a>\n<a class=\"next page-numbers\" href=\"https:\/\/bbf.ba\/en\/wp-json\/wp\/v2\/pages\/2033\/page\/2\/\"><i class=\"dsvy-base-icon-right-open\"><\/i><\/a><\/div><\/div><!-- .dsvy-pagination -->\r\n\t\t\r\n\t\t\r\n\t\t<\/div><!-- .designervily-element-inner -->   <\/div><!-- .designervily-element -->  \r\n\t    \t\t\t\t<\/div>\n\t\t\t\t<\/div>\n\t\t\t\t\t<\/div>\n\t\t<\/div>\n\t\t\t\t\t<\/div>\n\t\t<\/section>\n\t\t\t\t<\/div>\n\t\t","protected":false},"excerpt":{"rendered":"<p>{&#8220;cpt&#8221;:&#8221;blog&#8221;,&#8221;style&#8221;:&#8221;2&#8243;,&#8221;columns&#8221;:&#8221;2&#8243;,&#8221;show&#8221;:8,&#8221;from_category&#8221;:[&#8220;news&#8221;],&#8221;order&#8221;:&#8221;DESC&#8221;,&#8221;orderby&#8221;:&#8221;date&#8221;} 11 prosinca, 2023 by Herzegovina Bike Blidinje in the calendar of the World Cycling Federation Pro\u010ditaj vi\u0161e 11 prosinca, 2023 by Herzegovina Bike Herzegovina will host of the Balkan Championship in 2024 Pro\u010ditaj vi\u0161e 11 prosinca, 2023 by Herzegovina Bike Fifth Edition of Blidinje BIKE Festival Successfully Completed Pro\u010ditaj vi\u0161e<\/p>\n","protected":false},"author":2,"featured_media":0,"parent":0,"menu_order":0,"comment_status":"closed","ping_status":"closed","template":"","meta":{"_acf_changed":false,"footnotes":""},"class_list":["post-2033","page","type-page","status-publish","hentry"],"acf":[],"yoast_head":"<!-- This site is optimized with the Yoast SEO Premium plugin v21.7 (Yoast SEO v27.3) - https:\/\/yoast.com\/product\/yoast-seo-premium-wordpress\/ -->\n<title>Novosti - Blidinje BIKE Festival<\/title>\n<meta name=\"robots\" content=\"index, follow, max-snippet:-1, max-image-preview:large, max-video-preview:-1\" \/>\n<link rel=\"canonical\" href=\"https:\/\/bbf.ba\/en\/novosti\/\" \/>\n<meta property=\"og:locale\" content=\"en_US\" \/>\n<meta property=\"og:type\" content=\"article\" \/>\n<meta property=\"og:title\" content=\"Novosti\" \/>\n<meta property=\"og:description\" content=\"{&#8220;cpt&#8221;:&#8221;blog&#8221;,&#8221;style&#8221;:&#8221;2&#8243;,&#8221;columns&#8221;:&#8221;2&#8243;,&#8221;show&#8221;:8,&#8221;from_category&#8221;:[&#8220;news&#8221;],&#8221;order&#8221;:&#8221;DESC&#8221;,&#8221;orderby&#8221;:&#8221;date&#8221;} 11 prosinca, 2023 by Herzegovina Bike Blidinje in the calendar of the World Cycling Federation Pro\u010ditaj vi\u0161e 11 prosinca, 2023 by Herzegovina Bike Herzegovina will host of the Balkan Championship in 2024 Pro\u010ditaj vi\u0161e 11 prosinca, 2023 by Herzegovina Bike Fifth Edition of Blidinje BIKE Festival Successfully Completed Pro\u010ditaj vi\u0161e\" \/>\n<meta property=\"og:url\" content=\"https:\/\/bbf.ba\/en\/novosti\/\" \/>\n<meta property=\"og:site_name\" content=\"Blidinje BIKE Festival\" \/>\n<meta property=\"article:modified_time\" content=\"2023-12-12T13:07:33+00:00\" \/>\n<meta property=\"og:image\" content=\"https:\/\/bbf.ba\/wp-content\/uploads\/2023\/11\/379165622_297528682976823_1645682317159469605_n-770x520.jpeg\" \/>\n<meta name=\"twitter:card\" content=\"summary_large_image\" \/>\n<script type=\"application\/ld+json\" class=\"yoast-schema-graph\">{\"@context\":\"https:\\\/\\\/schema.org\",\"@graph\":[{\"@type\":\"WebPage\",\"@id\":\"https:\\\/\\\/bbf.ba\\\/en\\\/novosti\\\/\",\"url\":\"https:\\\/\\\/bbf.ba\\\/en\\\/novosti\\\/\",\"name\":\"Novosti - Blidinje BIKE Festival\",\"isPartOf\":{\"@id\":\"https:\\\/\\\/bbf.ba\\\/#website\"},\"primaryImageOfPage\":{\"@id\":\"https:\\\/\\\/bbf.ba\\\/en\\\/novosti\\\/#primaryimage\"},\"image\":{\"@id\":\"https:\\\/\\\/bbf.ba\\\/en\\\/novosti\\\/#primaryimage\"},\"thumbnailUrl\":\"https:\\\/\\\/bbf.ba\\\/wp-content\\\/uploads\\\/2023\\\/11\\\/379165622_297528682976823_1645682317159469605_n-770x520.jpeg\",\"datePublished\":\"2023-12-11T20:03:00+00:00\",\"dateModified\":\"2023-12-12T13:07:33+00:00\",\"breadcrumb\":{\"@id\":\"https:\\\/\\\/bbf.ba\\\/en\\\/novosti\\\/#breadcrumb\"},\"inLanguage\":\"en-US\",\"potentialAction\":[{\"@type\":\"ReadAction\",\"target\":[\"https:\\\/\\\/bbf.ba\\\/en\\\/novosti\\\/\"]}]},{\"@type\":\"ImageObject\",\"inLanguage\":\"en-US\",\"@id\":\"https:\\\/\\\/bbf.ba\\\/en\\\/novosti\\\/#primaryimage\",\"url\":\"https:\\\/\\\/bbf.ba\\\/wp-content\\\/uploads\\\/2023\\\/11\\\/379165622_297528682976823_1645682317159469605_n-770x520.jpeg\",\"contentUrl\":\"https:\\\/\\\/bbf.ba\\\/wp-content\\\/uploads\\\/2023\\\/11\\\/379165622_297528682976823_1645682317159469605_n-770x520.jpeg\"},{\"@type\":\"BreadcrumbList\",\"@id\":\"https:\\\/\\\/bbf.ba\\\/en\\\/novosti\\\/#breadcrumb\",\"itemListElement\":[{\"@type\":\"ListItem\",\"position\":1,\"name\":\"Home\",\"item\":\"https:\\\/\\\/bbf.ba\\\/\"},{\"@type\":\"ListItem\",\"position\":2,\"name\":\"Novosti\"}]},{\"@type\":\"WebSite\",\"@id\":\"https:\\\/\\\/bbf.ba\\\/#website\",\"url\":\"https:\\\/\\\/bbf.ba\\\/\",\"name\":\"Blidinje BIKE Festival\",\"description\":\"\",\"publisher\":{\"@id\":\"https:\\\/\\\/bbf.ba\\\/#organization\"},\"potentialAction\":[{\"@type\":\"SearchAction\",\"target\":{\"@type\":\"EntryPoint\",\"urlTemplate\":\"https:\\\/\\\/bbf.ba\\\/?s={search_term_string}\"},\"query-input\":{\"@type\":\"PropertyValueSpecification\",\"valueRequired\":true,\"valueName\":\"search_term_string\"}}],\"inLanguage\":\"en-US\"},{\"@type\":\"Organization\",\"@id\":\"https:\\\/\\\/bbf.ba\\\/#organization\",\"name\":\"Blidinje BIKE Festival\",\"url\":\"https:\\\/\\\/bbf.ba\\\/\",\"logo\":{\"@type\":\"ImageObject\",\"inLanguage\":\"en-US\",\"@id\":\"https:\\\/\\\/bbf.ba\\\/#\\\/schema\\\/logo\\\/image\\\/\",\"url\":\"https:\\\/\\\/bbf.ba\\\/wp-content\\\/uploads\\\/2023\\\/11\\\/cropped-Logo-plavi-transparent-BBF.png\",\"contentUrl\":\"https:\\\/\\\/bbf.ba\\\/wp-content\\\/uploads\\\/2023\\\/11\\\/cropped-Logo-plavi-transparent-BBF.png\",\"width\":512,\"height\":512,\"caption\":\"Blidinje BIKE Festival\"},\"image\":{\"@id\":\"https:\\\/\\\/bbf.ba\\\/#\\\/schema\\\/logo\\\/image\\\/\"}}]}<\/script>\n<!-- \/ Yoast SEO Premium plugin. -->","yoast_head_json":{"title":"Novosti - Blidinje BIKE Festival","robots":{"index":"index","follow":"follow","max-snippet":"max-snippet:-1","max-image-preview":"max-image-preview:large","max-video-preview":"max-video-preview:-1"},"canonical":"https:\/\/bbf.ba\/en\/novosti\/","og_locale":"en_US","og_type":"article","og_title":"Novosti","og_description":"{&#8220;cpt&#8221;:&#8221;blog&#8221;,&#8221;style&#8221;:&#8221;2&#8243;,&#8221;columns&#8221;:&#8221;2&#8243;,&#8221;show&#8221;:8,&#8221;from_category&#8221;:[&#8220;news&#8221;],&#8221;order&#8221;:&#8221;DESC&#8221;,&#8221;orderby&#8221;:&#8221;date&#8221;} 11 prosinca, 2023 by Herzegovina Bike Blidinje in the calendar of the World Cycling Federation Pro\u010ditaj vi\u0161e 11 prosinca, 2023 by Herzegovina Bike Herzegovina will host of the Balkan Championship in 2024 Pro\u010ditaj vi\u0161e 11 prosinca, 2023 by Herzegovina Bike Fifth Edition of Blidinje BIKE Festival Successfully Completed Pro\u010ditaj vi\u0161e","og_url":"https:\/\/bbf.ba\/en\/novosti\/","og_site_name":"Blidinje BIKE Festival","article_modified_time":"2023-12-12T13:07:33+00:00","og_image":[{"url":"https:\/\/bbf.ba\/wp-content\/uploads\/2023\/11\/379165622_297528682976823_1645682317159469605_n-770x520.jpeg","type":"","width":"","height":""}],"twitter_card":"summary_large_image","schema":{"@context":"https:\/\/schema.org","@graph":[{"@type":"WebPage","@id":"https:\/\/bbf.ba\/en\/novosti\/","url":"https:\/\/bbf.ba\/en\/novosti\/","name":"Novosti - Blidinje BIKE Festival","isPartOf":{"@id":"https:\/\/bbf.ba\/#website"},"primaryImageOfPage":{"@id":"https:\/\/bbf.ba\/en\/novosti\/#primaryimage"},"image":{"@id":"https:\/\/bbf.ba\/en\/novosti\/#primaryimage"},"thumbnailUrl":"https:\/\/bbf.ba\/wp-content\/uploads\/2023\/11\/379165622_297528682976823_1645682317159469605_n-770x520.jpeg","datePublished":"2023-12-11T20:03:00+00:00","dateModified":"2023-12-12T13:07:33+00:00","breadcrumb":{"@id":"https:\/\/bbf.ba\/en\/novosti\/#breadcrumb"},"inLanguage":"en-US","potentialAction":[{"@type":"ReadAction","target":["https:\/\/bbf.ba\/en\/novosti\/"]}]},{"@type":"ImageObject","inLanguage":"en-US","@id":"https:\/\/bbf.ba\/en\/novosti\/#primaryimage","url":"https:\/\/bbf.ba\/wp-content\/uploads\/2023\/11\/379165622_297528682976823_1645682317159469605_n-770x520.jpeg","contentUrl":"https:\/\/bbf.ba\/wp-content\/uploads\/2023\/11\/379165622_297528682976823_1645682317159469605_n-770x520.jpeg"},{"@type":"BreadcrumbList","@id":"https:\/\/bbf.ba\/en\/novosti\/#breadcrumb","itemListElement":[{"@type":"ListItem","position":1,"name":"Home","item":"https:\/\/bbf.ba\/"},{"@type":"ListItem","position":2,"name":"Novosti"}]},{"@type":"WebSite","@id":"https:\/\/bbf.ba\/#website","url":"https:\/\/bbf.ba\/","name":"Blidinje BIKE Festival","description":"","publisher":{"@id":"https:\/\/bbf.ba\/#organization"},"potentialAction":[{"@type":"SearchAction","target":{"@type":"EntryPoint","urlTemplate":"https:\/\/bbf.ba\/?s={search_term_string}"},"query-input":{"@type":"PropertyValueSpecification","valueRequired":true,"valueName":"search_term_string"}}],"inLanguage":"en-US"},{"@type":"Organization","@id":"https:\/\/bbf.ba\/#organization","name":"Blidinje BIKE Festival","url":"https:\/\/bbf.ba\/","logo":{"@type":"ImageObject","inLanguage":"en-US","@id":"https:\/\/bbf.ba\/#\/schema\/logo\/image\/","url":"https:\/\/bbf.ba\/wp-content\/uploads\/2023\/11\/cropped-Logo-plavi-transparent-BBF.png","contentUrl":"https:\/\/bbf.ba\/wp-content\/uploads\/2023\/11\/cropped-Logo-plavi-transparent-BBF.png","width":512,"height":512,"caption":"Blidinje BIKE Festival"},"image":{"@id":"https:\/\/bbf.ba\/#\/schema\/logo\/image\/"}}]}},"_links":{"self":[{"href":"https:\/\/bbf.ba\/en\/wp-json\/wp\/v2\/pages\/2033","targetHints":{"allow":["GET"]}}],"collection":[{"href":"https:\/\/bbf.ba\/en\/wp-json\/wp\/v2\/pages"}],"about":[{"href":"https:\/\/bbf.ba\/en\/wp-json\/wp\/v2\/types\/page"}],"author":[{"embeddable":true,"href":"https:\/\/bbf.ba\/en\/wp-json\/wp\/v2\/users\/2"}],"replies":[{"embeddable":true,"href":"https:\/\/bbf.ba\/en\/wp-json\/wp\/v2\/comments?post=2033"}],"version-history":[{"count":21,"href":"https:\/\/bbf.ba\/en\/wp-json\/wp\/v2\/pages\/2033\/revisions"}],"predecessor-version":[{"id":2529,"href":"https:\/\/bbf.ba\/en\/wp-json\/wp\/v2\/pages\/2033\/revisions\/2529"}],"wp:attachment":[{"href":"https:\/\/bbf.ba\/en\/wp-json\/wp\/v2\/media?parent=2033"}],"curies":[{"name":"wp","href":"https:\/\/api.w.org\/{rel}","templated":true}]}}